{"id":3020,"date":"2026-02-02T08:32:20","date_gmt":"2026-02-02T08:32:20","guid":{"rendered":"https:\/\/www.gopopup.com\/wer-wir-sind\/"},"modified":"2026-04-07T11:46:36","modified_gmt":"2026-04-07T11:46:36","slug":"ueber-uns","status":"publish","type":"page","link":"https:\/\/www.gopopup.com\/de\/ueber-uns\/","title":{"rendered":"Wer wir sind"},"content":{"rendered":"\n<div style=\"height:100px\" aria-hidden=\"true\" class=\"wp-block-spacer\"><\/div>\n\n\n\n<div class=\"wp-block-group general-group-sobre-nosotros has-global-padding is-layout-constrained wp-block-group-is-layout-constrained\">\n<p class=\"has-text-align-center espaciado-parrafo has-text-color has-link-color wp-elements-581c7756643d328ca9f362c9a89cb961\" style=\"color:#757064\">\u00dcBER UNS<\/p>\n\n\n\n<h1 class=\"wp-block-heading has-text-align-center\" style=\"font-size:5vh\">Wir verbinden Marken und R\u00e4ume<br> um Erlebnisse zu schaffen<\/h1>\n\n\n\n<div style=\"height:20px\" aria-hidden=\"true\" class=\"wp-block-spacer\"><\/div>\n\n\n\n<div class=\"wp-block-group has-global-padding is-layout-constrained wp-block-group-is-layout-constrained\">\n<div class=\"wp-block-columns two-col-sobre-nosotros is-layout-flex wp-container-core-columns-is-layout-28f84493 wp-block-columns-is-layout-flex\">\n<div class=\"wp-block-column is-layout-flow wp-block-column-is-layout-flow\">\n<div class=\"wp-block-group two-col-group-yellow has-background has-global-padding is-layout-constrained wp-container-core-group-is-layout-05ad0b9e wp-block-group-is-layout-constrained\" style=\"border-top-left-radius:30px;border-top-right-radius:30px;border-bottom-left-radius:30px;border-bottom-right-radius:30px;background-color:#eeff38;min-height:672px;padding-top:20px;padding-right:20px;padding-bottom:20px;padding-left:20px\">\n<figure class=\"wp-block-image size-large\"><img decoding=\"async\" src=\"\/wp-content\/uploads\/2026\/02\/heart-handshake.svg\" alt=\"\"\/><\/figure>\n\n\n\n<div style=\"height:100px\" aria-hidden=\"true\" class=\"wp-block-spacer two-col-sobre-nosotros-heightone\"><\/div>\n\n\n\n<p style=\"font-size:30px\">Go-PopUp wurde ins Leben gerufen, um<br> auf eine neue Realit\u00e4t reagieren<br> im Einzelhandel: Fl\u00e4chen aktivieren<br> flexibel, kreativ und hoch<br> Auswirkungen.<\/p>\n\n\n\n<div style=\"height:10px\" aria-hidden=\"true\" class=\"wp-block-spacer\"><\/div>\n\n\n\n<p style=\"font-size:30px\">Unser Ziel ist klar:<br> Unterst\u00fctzung von Marken, Agenturen und<br> Kreative sollen Erlebnisse starten<br> tempor\u00e4re Verbindungen mit<br> ihr Publikum und generieren<br> Ergebnisse.<\/p>\n<\/div>\n<\/div>\n\n\n\n<div class=\"wp-block-column is-layout-flow wp-block-column-is-layout-flow\">\n<div class=\"wp-block-cover\" style=\"border-top-left-radius:30px;border-top-right-radius:30px;border-bottom-left-radius:30px;border-bottom-right-radius:30px;min-height:672px;aspect-ratio:unset;\"><img loading=\"lazy\" decoding=\"async\" width=\"1024\" height=\"684\" class=\"wp-block-cover__image-background wp-image-2057 size-large\" alt=\"\" src=\"https:\/\/gopopupv2.atomic4dev.net\/wp-content\/uploads\/2026\/02\/adidaszapatos-1024x684.jpg\" data-object-fit=\"cover\" srcset=\"https:\/\/www.gopopup.com\/wp-content\/uploads\/2026\/02\/adidaszapatos-1024x684.jpg 1024w, https:\/\/www.gopopup.com\/wp-content\/uploads\/2026\/02\/adidaszapatos-300x200.jpg 300w, https:\/\/www.gopopup.com\/wp-content\/uploads\/2026\/02\/adidaszapatos-768x513.jpg 768w, https:\/\/www.gopopup.com\/wp-content\/uploads\/2026\/02\/adidaszapatos-1536x1025.jpg 1536w, https:\/\/www.gopopup.com\/wp-content\/uploads\/2026\/02\/adidaszapatos.jpg 2048w\" sizes=\"auto, (max-width: 1024px) 100vw, 1024px\" \/><span aria-hidden=\"true\" class=\"wp-block-cover__background has-background-dim-0 has-background-dim\"><\/span><div class=\"wp-block-cover__inner-container has-global-padding is-layout-constrained wp-block-cover-is-layout-constrained\">\n<p class=\"has-text-align-center has-large-font-size\"><\/p>\n<\/div><\/div>\n<\/div>\n<\/div>\n\n\n\n<div class=\"wp-block-cover\" style=\"border-top-left-radius:30px;border-top-right-radius:30px;border-bottom-left-radius:30px;border-bottom-right-radius:30px;padding-top:20px;padding-right:20px;padding-bottom:20px;padding-left:20px;min-height:328px;aspect-ratio:unset;\"><img loading=\"lazy\" decoding=\"async\" width=\"681\" height=\"1024\" class=\"wp-block-cover__image-background wp-image-2076 size-large\" alt=\"\" src=\"https:\/\/gopopupv2.atomic4dev.net\/wp-content\/uploads\/2026\/02\/imgedificiofondobcn-681x1024.jpg\" style=\"object-position:49% 39%\" data-object-fit=\"cover\" data-object-position=\"49% 39%\" srcset=\"https:\/\/www.gopopup.com\/wp-content\/uploads\/2026\/02\/imgedificiofondobcn-681x1024.jpg 681w, https:\/\/www.gopopup.com\/wp-content\/uploads\/2026\/02\/imgedificiofondobcn-199x300.jpg 199w, https:\/\/www.gopopup.com\/wp-content\/uploads\/2026\/02\/imgedificiofondobcn-768x1156.jpg 768w, https:\/\/www.gopopup.com\/wp-content\/uploads\/2026\/02\/imgedificiofondobcn-1021x1536.jpg 1021w, https:\/\/www.gopopup.com\/wp-content\/uploads\/2026\/02\/imgedificiofondobcn-1361x2048.jpg 1361w, https:\/\/www.gopopup.com\/wp-content\/uploads\/2026\/02\/imgedificiofondobcn-scaled.jpg 1701w\" sizes=\"auto, (max-width: 681px) 100vw, 681px\" \/><span aria-hidden=\"true\" class=\"wp-block-cover__background has-black-background-color has-background-dim\"><\/span><div class=\"wp-block-cover__inner-container has-global-padding is-layout-constrained wp-container-core-cover-is-layout-bf816c8d wp-block-cover-is-layout-constrained\">\n<h2 class=\"wp-block-heading\">Wir sind in Barcelona geboren. Globale Vision. <\/h2>\n\n\n\n<div style=\"height:50px\" aria-hidden=\"true\" class=\"wp-block-spacer\"><\/div>\n\n\n\n<p>Wir haben unseren Sitz in Barcelona und arbeiten mit einem<br> Ein multikulturelles Team arbeitet remote, um Folgendes zu gew\u00e4hrleisten<br> Unterst\u00fctzung in verschiedenen M\u00e4rkten.<\/p>\n<\/div><\/div>\n\n\n\n<div class=\"wp-block-columns is-layout-flex wp-container-core-columns-is-layout-28f84493 wp-block-columns-is-layout-flex\">\n<div class=\"wp-block-column is-layout-flow wp-block-column-is-layout-flow\" style=\"flex-basis:46%\">\n<div class=\"wp-block-group group-black-sobre-nosotros has-background has-global-padding is-layout-constrained wp-block-group-is-layout-constrained\" style=\"border-top-left-radius:30px;border-top-right-radius:30px;border-bottom-left-radius:30px;border-bottom-right-radius:30px;background-color:#111217;min-height:700px;padding-top:20px;padding-bottom:20px\">\n<p class=\"has-white-color has-text-color has-link-color wp-elements-af3aaad8a342759cfc8c28594c07d074\" style=\"padding-left:20px;font-size:40px\">+ 20 L\u00e4nder<\/p>\n\n\n\n<figure class=\"wp-block-image size-full is-resized\"><img loading=\"lazy\" decoding=\"async\" width=\"537\" height=\"441\" src=\"https:\/\/gopopupv2.atomic4dev.net\/wp-content\/uploads\/2026\/02\/grupopaises.png\" alt=\"\" class=\"wp-image-2061\" style=\"width:630px\" srcset=\"https:\/\/www.gopopup.com\/wp-content\/uploads\/2026\/02\/grupopaises.png 537w, https:\/\/www.gopopup.com\/wp-content\/uploads\/2026\/02\/grupopaises-300x246.png 300w\" sizes=\"auto, (max-width: 537px) 100vw, 537px\" \/><\/figure>\n\n\n\n<p class=\"has-white-color has-text-color has-link-color wp-elements-9593682f615644e6a96d8bcaeef55206\" style=\"padding-left:20px;line-height:1.5\">Internationale Abdeckung mit Umsetzung vor Ort,<br> Wo auch immer Ihr Raum ist.<\/p>\n<\/div>\n<\/div>\n\n\n\n<div class=\"wp-block-column is-layout-flow wp-block-column-is-layout-flow\" style=\"flex-basis:54%\">\n<div class=\"wp-block-group has-background has-global-padding is-layout-constrained wp-container-core-group-is-layout-2d1a9abb wp-block-group-is-layout-constrained\" style=\"border-top-left-radius:30px;border-top-right-radius:30px;border-bottom-left-radius:30px;border-bottom-right-radius:30px;background-color:#757064;min-height:340px;padding-top:20px;padding-right:20px;padding-bottom:20px;padding-left:20px\">\n<p class=\"has-white-color has-text-color has-link-color wp-elements-b6895ddc2b6e31e08f1f9609b65c9693\" style=\"font-size:40px\">2.000 +<\/p>\n\n\n\n<p class=\"has-white-color has-text-color has-link-color has-medium-font-size wp-elements-234c0887a1c38c39f39f62d36316bada\">Antr\u00e4ge pro Monat  <\/p>\n\n\n\n<div style=\"height:130px\" aria-hidden=\"true\" class=\"wp-block-spacer\"><\/div>\n\n\n\n<p class=\"has-white-color has-text-color has-link-color wp-elements-97e8919b4f3783d74e3654c05e6fd70f\" style=\"line-height:1.5\">Ein st\u00e4ndiger Strom von Marken<br> Wir suchen jeden Tag nach Standorten.<\/p>\n<\/div>\n\n\n\n<div class=\"wp-block-group has-background has-global-padding is-layout-constrained wp-container-core-group-is-layout-2d1a9abb wp-block-group-is-layout-constrained\" style=\"border-top-left-radius:30px;border-top-right-radius:30px;border-bottom-left-radius:30px;border-bottom-right-radius:30px;background-color:#efece6;min-height:340px;padding-top:20px;padding-right:20px;padding-bottom:20px;padding-left:20px\">\n<p style=\"font-size:40px\">+10 Jahre<\/p>\n\n\n\n<p style=\"font-size:20px\">F\u00fchrender Pop-up<\/p>\n\n\n\n<div style=\"height:120px\" aria-hidden=\"true\" class=\"wp-block-spacer\"><\/div>\n\n\n\n<p class=\"has-text-color has-link-color wp-elements-3b630fd0a742bc007168a4f6d46c47fa\" style=\"color:#000000b3;line-height:1.5\">Ein Jahrzehnt echten Lernens<br> bei Aktivierungen, Operationen und<br> Erlebnisorientierter Einzelhandel.<\/p>\n<\/div>\n<\/div>\n<\/div>\n<\/div>\n\n\n\n<div style=\"height:70px\" aria-hidden=\"true\" class=\"wp-block-spacer\"><\/div>\n\n\n\n<p class=\"has-text-align-center p-marcas-sobre-nosotros\" style=\"font-size:30px;line-height:1.5\">Jeden Monat helfen wir Marken dabei, den idealen Raum zu finden.<br> Starten Sie Pop-up-Stores, die sich von der Masse abheben und die M\u00f6glichkeiten besser nutzen<br> R\u00e4ume, die bereits existieren.<\/p>\n\n\n\n<div style=\"height:70px\" aria-hidden=\"true\" class=\"wp-block-spacer height1-metricas-sobre-nosotros\"><\/div>\n\n\n\n<div class=\"wp-block-group has-global-padding is-layout-constrained wp-block-group-is-layout-constrained\">\n<div class=\"wp-block-columns column-metricas-sobre-nosotros is-layout-flex wp-container-core-columns-is-layout-28f84493 wp-block-columns-is-layout-flex\">\n<div class=\"wp-block-column is-layout-flow wp-block-column-is-layout-flow\" style=\"flex-basis:40%\">\n<div class=\"wp-block-columns is-layout-flex wp-container-core-columns-is-layout-28f84493 wp-block-columns-is-layout-flex\">\n<div class=\"wp-block-column is-layout-flow wp-block-column-is-layout-flow\"><\/div>\n\n\n\n<div class=\"wp-block-column is-layout-flow wp-container-core-column-is-layout-fe0e2ea3 wp-block-column-is-layout-flow\">\n<p class=\"column-metricas-sobre-nosotros-p\" style=\"font-size:40px\">+12.000 Marken<\/p>\n\n\n\n<p class=\"has-text-align-center has-text-color has-link-color wp-elements-792282d4b999bb36807f51f4619ad4e2\" style=\"color:#000000b3\">Sie w\u00e4hlen uns.<\/p>\n<\/div>\n<\/div>\n<\/div>\n\n\n\n<div class=\"wp-block-column is-layout-flow wp-block-column-is-layout-flow\" style=\"flex-basis:20%\"><\/div>\n\n\n\n<div class=\"wp-block-column is-layout-flow wp-block-column-is-layout-flow\" style=\"flex-basis:40%\">\n<div class=\"wp-block-columns is-layout-flex wp-container-core-columns-is-layout-28f84493 wp-block-columns-is-layout-flex\">\n<div class=\"wp-block-column is-layout-flow wp-container-core-column-is-layout-fe0e2ea3 wp-block-column-is-layout-flow\" style=\"flex-basis:70%\">\n<p class=\"column-metricas-sobre-nosotros-p2\" style=\"font-size:40px\">+9.000 Besitzer<\/p>\n\n\n\n<p class=\"has-text-align-center has-text-color has-link-color wp-elements-848e93d193baf74bdde9a536a7e84f1c\" style=\"color:#000000b3\">Ver\u00f6ffentlichungsfl\u00e4chen.<\/p>\n<\/div>\n\n\n\n<div class=\"wp-block-column is-layout-flow wp-block-column-is-layout-flow\" style=\"flex-basis:30%\"><\/div>\n<\/div>\n<\/div>\n<\/div>\n<\/div>\n\n\n\n<div style=\"height:70px\" aria-hidden=\"true\" class=\"wp-block-spacer height2-metricas-sobre-nosotros\"><\/div>\n\n\n\n<div class=\"wp-block-group group-team-sobre-nosotros has-global-padding is-layout-constrained wp-block-group-is-layout-constrained\">\n<div class=\"wp-block-columns is-layout-flex wp-container-core-columns-is-layout-28f84493 wp-block-columns-is-layout-flex\">\n<div class=\"wp-block-column is-layout-flow wp-block-column-is-layout-flow\" style=\"flex-basis:20%\"><\/div>\n\n\n\n<div class=\"wp-block-column is-layout-flow wp-block-column-is-layout-flow\" style=\"flex-basis:60%\">\n<div class=\"wp-block-group is-content-justification-center is-nowrap is-layout-flex wp-container-core-group-is-layout-eeea3fc2 wp-block-group-is-layout-flex\">\n<div class=\"wp-block-group card-img-bottom card-left-team has-border-color has-background wp-container-content-0e080917 has-global-padding is-content-justification-center is-layout-constrained wp-container-core-group-is-layout-7a2f675f wp-block-group-is-layout-constrained\" style=\"border-color:#c0c0be;border-width:2px;border-top-left-radius:30px;border-top-right-radius:30px;border-bottom-left-radius:30px;border-bottom-right-radius:30px;background-color:#d5d5d3;min-height:500px;padding-top:50px;padding-right:20px;padding-bottom:50px;padding-left:20px\">\n<p class=\"has-text-align-center has-medium-font-size\">Michelle Felip<\/p>\n\n\n\n<p class=\"has-text-align-center has-text-color has-link-color wp-elements-f74d3d591484353091430eeb268da99c\" style=\"color:#000000b3\">Mitbegr\u00fcnder und Direktor<br> Agentur<\/p>\n\n\n\n<figure class=\"wp-block-image size-full\"><img loading=\"lazy\" decoding=\"async\" width=\"500\" height=\"500\" src=\"https:\/\/gopopupv2.atomic4dev.net\/wp-content\/uploads\/2026\/02\/michelle2.png\" alt=\"\" class=\"wp-image-2066\" srcset=\"https:\/\/www.gopopup.com\/wp-content\/uploads\/2026\/02\/michelle2.png 500w, https:\/\/www.gopopup.com\/wp-content\/uploads\/2026\/02\/michelle2-300x300.png 300w, https:\/\/www.gopopup.com\/wp-content\/uploads\/2026\/02\/michelle2-150x150.png 150w\" sizes=\"auto, (max-width: 500px) 100vw, 500px\" \/><\/figure>\n<\/div>\n\n\n\n<div class=\"wp-block-group card-img-bottom card-right-team has-border-color has-background wp-container-content-0e080917 has-global-padding is-layout-constrained wp-container-core-group-is-layout-8916867f wp-block-group-is-layout-constrained\" style=\"border-color:#c0c0be;border-width:2px;border-top-left-radius:30px;border-top-right-radius:30px;border-bottom-left-radius:30px;border-bottom-right-radius:30px;background-color:#d5d5d3;min-height:500px;padding-top:50px;padding-right:20px;padding-bottom:50px;padding-left:20px\">\n<p class=\"has-text-align-center has-medium-font-size\">Carolina Argent\u00e9<\/p>\n\n\n\n<p class=\"has-text-align-center has-text-color has-link-color wp-elements-602579a769faeea2e1bd4d52468b3fc2\" style=\"color:#000000b3\">Mitbegr\u00fcnder und Direktor<br> vom Marktplatz<\/p>\n\n\n\n<figure class=\"wp-block-image size-full\"><img loading=\"lazy\" decoding=\"async\" width=\"500\" height=\"500\" src=\"https:\/\/gopopupv2.atomic4dev.net\/wp-content\/uploads\/2026\/02\/carolinafondo.png\" alt=\"\" class=\"wp-image-2071\" srcset=\"https:\/\/www.gopopup.com\/wp-content\/uploads\/2026\/02\/carolinafondo.png 500w, https:\/\/www.gopopup.com\/wp-content\/uploads\/2026\/02\/carolinafondo-300x300.png 300w, https:\/\/www.gopopup.com\/wp-content\/uploads\/2026\/02\/carolinafondo-150x150.png 150w\" sizes=\"auto, (max-width: 500px) 100vw, 500px\" \/><\/figure>\n<\/div>\n<\/div>\n<\/div>\n\n\n\n<div class=\"wp-block-column is-layout-flow wp-block-column-is-layout-flow\" style=\"flex-basis:20%\"><\/div>\n<\/div>\n<\/div>\n\n\n\n<div style=\"height:100px\" aria-hidden=\"true\" class=\"wp-block-spacer height3-metricas-sobre-nosotros\"><\/div>\n<\/div>\n","protected":false},"excerpt":{"rendered":"<p>\u00dcBER UNS Wir verbinden Marken und R\u00e4ume um Erlebnisse zu schaffen Go-PopUp wurde ins Leben gerufen, um auf eine neue Realit\u00e4t reagieren im Einzelhandel: Fl\u00e4chen aktivieren flexibel, kreativ und hoch Auswirkungen. Unser Ziel ist klar: Unterst\u00fctzung von Marken, Agenturen und Kreative sollen Erlebnisse starten tempor\u00e4re Verbindungen mit ihr Publikum und generieren Ergebnisse. + 20 L\u00e4nder [&hellip;]<\/p>\n","protected":false},"author":1,"featured_media":0,"parent":0,"menu_order":0,"comment_status":"closed","ping_status":"closed","template":"","meta":{"content-type":"","gopopup_header_color_mode":"black","_joinchat":[],"footnotes":""},"class_list":["post-3020","page","type-page","status-publish","hentry"],"_links":{"self":[{"href":"https:\/\/www.gopopup.com\/de\/wp-json\/wp\/v2\/pages\/3020","targetHints":{"allow":["GET"]}}],"collection":[{"href":"https:\/\/www.gopopup.com\/de\/wp-json\/wp\/v2\/pages"}],"about":[{"href":"https:\/\/www.gopopup.com\/de\/wp-json\/wp\/v2\/types\/page"}],"author":[{"embeddable":true,"href":"https:\/\/www.gopopup.com\/de\/wp-json\/wp\/v2\/users\/1"}],"replies":[{"embeddable":true,"href":"https:\/\/www.gopopup.com\/de\/wp-json\/wp\/v2\/comments?post=3020"}],"version-history":[{"count":4,"href":"https:\/\/www.gopopup.com\/de\/wp-json\/wp\/v2\/pages\/3020\/revisions"}],"predecessor-version":[{"id":3858,"href":"https:\/\/www.gopopup.com\/de\/wp-json\/wp\/v2\/pages\/3020\/revisions\/3858"}],"wp:attachment":[{"href":"https:\/\/www.gopopup.com\/de\/wp-json\/wp\/v2\/media?parent=3020"}],"curies":[{"name":"wp","href":"https:\/\/api.w.org\/{rel}","templated":true}]}}