{"id":3149,"date":"2025-05-29T14:33:08","date_gmt":"2025-05-29T14:33:08","guid":{"rendered":"https:\/\/www.gopopup.com\/datenschutzrichtlinie\/"},"modified":"2026-02-18T10:08:48","modified_gmt":"2026-02-18T10:08:48","slug":"datenschutzrichtlinie","status":"publish","type":"page","link":"https:\/\/www.gopopup.com\/de\/datenschutzrichtlinie\/","title":{"rendered":"Datenschutzrichtlinie"},"content":{"rendered":"\n<div class=\"wp-block-group alignfull has-global-padding is-layout-constrained wp-block-group-is-layout-constrained\">\n<div class=\"wp-block-group alignwide has-global-padding is-layout-constrained wp-block-group-is-layout-constrained\">\n<p>In \u00dcbereinstimmung mit den Datenschutzbestimmungen und gem\u00e4\u00df der Verordnung (EU) 2016\/679 des Europ\u00e4ischen Parlaments und des Rates vom 27. April 2016 zum Schutz nat\u00fcrlicher Personen bei der Verarbeitung personenbezogener Daten, zum freien Datenverkehr (\u201eDSGVO\u201c) und dem spanischen Organgesetz 3\/2018 vom 5. Dezember zum Schutz personenbezogener Daten und zur Gew\u00e4hrleistung digitaler Rechte (\u201eLOPDGDD\u201c) stellt Ihnen POP CORNER NETWORK, SL (nachfolgend \u201eGo-PopUp\u201c) hiermit die Informationen zur Verf\u00fcgung, damit Sie \u00fcber alle relevanten Aspekte der Verarbeitung Ihrer Daten informiert sind. <\/p>\n\n\n\n<p>Wer ist f\u00fcr die Verarbeitung Ihrer Daten verantwortlich?<\/p>\n\n\n\n<p>Identit\u00e4t: POP CORNER NETWORK, SL  <\/p>\n\n\n\n<p>NIF: B-65735136.<\/p>\n\n\n\n<p>Postanschrift: c\/: Pamplona, \u200b\u200b\u200b\u200b88-90, Principal 1\u00aa, Barcelona (08018).  <\/p>\n\n\n\n<p>E-Mail: hello@gopopup.com  <\/p>\n\n\n\n<p>Wann erfassen wir Ihre personenbezogenen Daten?<\/p>\n\n\n\n<p>Wir k\u00f6nnen Ihre personenbezogenen Daten zu folgenden Zeitpunkten erheben:<\/p>\n\n\n\n<p>\u00dcber das Kontaktformular: Auf unserer Website finden Sie ein Formular, \u00fcber das Sie uns kontaktieren k\u00f6nnen, um Informationen zu unseren Dienstleistungen anzufordern oder Fragen zu stellen. Beim Ausf\u00fcllen des Formulars bitten wir Sie, sich zu identifizieren und Ihre Kontaktdaten anzugeben. <\/p>\n\n\n\n<p>\u00dcber das aktivierte Anmeldeformular: Auf unserer Website befindet sich ein Formular, \u00fcber das sich unsere Kunden anmelden k\u00f6nnen, um die vertraglich vereinbarten Leistungen in Anspruch zu nehmen.  <\/p>\n\n\n\n<p>Mithilfe von Cookies: Unsere Website verwendet Cookies, die Informationen \u00fcber Ihr Surfverhalten sammeln. Wir empfehlen Ihnen, die Cookie-Richtlinien zu lesen, um vollst\u00e4ndige Informationen hierzu zu erhalten.<\/p>\n\n\n\n<p>Zu welchem \u200b\u200bZweck verarbeiten wir Ihre personenbezogenen Daten?  <\/p>\n\n\n\n<p>Ihre personenbezogenen Daten k\u00f6nnen zu folgenden Zwecken verarbeitet werden:<\/p>\n\n\n\n<p>Ihre Daten k\u00f6nnen zum Zweck der Unterst\u00fctzung, Verwaltung und Bearbeitung Ihrer Anfragen, Kommentare und\/oder Anliegen an uns verarbeitet werden.  <\/p>\n\n\n\n<p>Wenn Sie unser Kunde sind, werden Ihre Daten verarbeitet, um Ihnen unsere Dienstleistungen gem\u00e4\u00df den Allgemeinen und\/oder Besonderen Gesch\u00e4ftsbedingungen der beauftragten Dienstleistung zu erbringen, einschlie\u00dflich der Einrichtung und Verwaltung Ihres Benutzerkontos. Weitere Informationen zur Verarbeitung Ihrer personenbezogenen Daten bei der Nutzung unserer Dienstleistungen finden Sie in den Datenschutzbestimmungen der Allgemeinen und\/oder Besonderen Gesch\u00e4ftsbedingungen der beauftragten Dienstleistungen.   <\/p>\n\n\n\n<p>Wenn Sie Ihre Einwilligung erteilt haben, werden wir Sie mit unserem Newsletter auf dem Laufenden halten, der haupts\u00e4chlich unsere Dienstleistungen, Aktivit\u00e4ten, Projekte und andere relevante Informationen umfasst.  <\/p>\n\n\n\n<p>Ihre Daten werden verarbeitet, um unseren gesetzlichen Verpflichtungen, m\u00f6glichen Gerichtsbeschl\u00fcssen und anderen beh\u00f6rdlichen Entscheidungen nachzukommen. Dies umfasst die Weitergabe Ihrer personenbezogenen Daten an Strafverfolgungsbeh\u00f6rden, sobald wir einen Verdacht oder Anhaltspunkte f\u00fcr ein Verhalten haben, das eine Straftat darstellen k\u00f6nnte. <\/p>\n\n\n\n<p>Ihre Daten werden verarbeitet, um statistische Analysen und Berichte zu erstellen, die dem Verst\u00e4ndnis der Funktionsweise und der Bed\u00fcrfnisse unserer Dienstleistungen dienen, mit dem Ziel, die Entwicklung zu verbessern und neue L\u00f6sungen anzubieten.  <\/p>\n\n\n\n<p>Auf welcher Rechtsgrundlage werden Ihre personenbezogenen Daten verarbeitet?  <\/p>\n\n\n\n<p>Die durchgef\u00fchrten Behandlungen basieren auf folgenden Rechtsgrundlagen:  <\/p>\n\n\n\n<p>Wenn Ihre Daten verarbeitet werden, um m\u00f6gliche Anfragen, Kommentare und\/oder Bedenken zu bearbeiten, zu verwalten und darauf einzugehen, basiert die Verarbeitung auf Ihrer Einwilligung, die Sie uns mit der \u00dcbermittlung Ihrer Anfrage bzw. Ihres Anliegens erteilt haben (Artikel 6 Absatz 1 Buchstabe a DSGVO).  <\/p>\n\n\n\n<p>Wenn Ihre Daten verarbeitet werden, um Ihnen unsere Dienstleistungen anbieten zu k\u00f6nnen, erfolgt die Verarbeitung auf Grundlage der Allgemeinen Gesch\u00e4ftsbedingungen und\/oder Besonderen Gesch\u00e4ftsbedingungen, die unsere Beziehung regeln und denen Sie zugestimmt haben (Art. 6 Abs. 1 lit. b DSGVO).  <\/p>\n\n\n\n<p>Wenn Ihre Daten zum Versand unseres Newsletters verarbeitet werden, erfolgt diese Verarbeitung auf Grundlage Ihrer Einwilligung, die Sie durch Ankreuzen des entsprechenden K\u00e4stchens und\/oder durch Nutzung des hierf\u00fcr bereitgestellten Formulars erteilen (Art. 6 Abs. 1 lit. a DSGVO). Sie k\u00f6nnen den Newsletter jederzeit \u00fcber den in jeder E-Mail enthaltenen Link abbestellen.   <\/p>\n\n\n\n<p>Wenn Informationen verarbeitet werden, um unseren rechtlichen Verpflichtungen, m\u00f6glichen Gerichtsentscheidungen und anderen von den Beh\u00f6rden getroffenen Entscheidungen nachzukommen, einschlie\u00dflich einer m\u00f6glichen Weitergabe, erfolgt die Verarbeitung auf der Grundlage der Erf\u00fcllung unserer rechtlichen Verpflichtungen (Artikel 6 Absatz 1 Buchstabe c DSGVO).  <\/p>\n\n\n\n<p>Werden Informationen verarbeitet, um statistische Analysen und Berichte zu erstellen, mit dem Ziel, die Funktionsweise und die Bed\u00fcrfnisse unserer Dienstleistungen zu verstehen und die Entwicklung zu verbessern sowie neue L\u00f6sungen anzubieten, so basiert die Verarbeitung auf unserem berechtigten Interesse (Artikel 6 Absatz 1 Buchstabe f DSGVO), das darin besteht, unsere Dienstleistungen und Produkte zu verwalten und zu verbessern, um einen qualitativ hochwertigen Service anzubieten und als Unternehmen zu wachsen.<\/p>\n\n\n\n<p>Wie lange speichern wir Ihre personenbezogenen Daten?<\/p>\n\n\n\n<p>Ihre personenbezogenen Daten werden f\u00fcr den Zeitraum verarbeitet, der zur Erf\u00fcllung der in dieser Datenschutzerkl\u00e4rung dargelegten Zwecke erforderlich ist, sowie zur Aufbewahrung Ihrer personenbezogenen Daten in \u00dcbereinstimmung mit den Bestimmungen der einschl\u00e4gigen Gesetze und Vorschriften, insbesondere im Hinblick auf die gesetzlichen Verj\u00e4hrungsfristen, und zur Geltendmachung, Aus\u00fcbung oder Verteidigung von Anspr\u00fcchen.  <\/p>\n\n\n\n<p>Die Kriterien, die wir hierbei anwenden, richten sich nach dem Zweck der erhobenen Daten und der Erf\u00fcllung dieses Zwecks (z. B. k\u00f6nnen Sie im Falle einer Einwilligung diese jederzeit widerrufen) sowie nach den gesetzlich vorgeschriebenen Aufbewahrungsfristen.<\/p>\n\n\n\n<p>Bitte beachten Sie, dass wir in einigen F\u00e4llen Ihre Daten f\u00fcr den Zeitraum speichern, der f\u00fcr die Formulierung, Aus\u00fcbung oder Verteidigung von Anspr\u00fcchen, Anforderungen, Verantwortlichkeiten und rechtlichen und\/oder vertraglichen Verpflichtungen erforderlich ist, wobei diese stets ordnungsgem\u00e4\u00df gesperrt werden.<\/p>\n\n\n\n<p>An wen k\u00f6nnen Ihre Daten weitergegeben werden?<\/p>\n\n\n\n<p>Je nach Zweck der Erhebung personenbezogener Daten k\u00f6nnen die folgenden Dritten Zugriff auf Ihre personenbezogenen Daten haben:  <\/p>\n\n\n\n<p>\u00d6ffentliche Verwaltungen, zust\u00e4ndige Stellen und\/oder Beh\u00f6rden sowie die entsprechenden Sicherheitskr\u00e4fte und -organe, wenn dies erforderlich ist, eine rechtliche Verpflichtung besteht oder wir der Ansicht sind, dass ausreichende Anhaltspunkte und\/oder Verdachtsmomente f\u00fcr eine rechtswidrige Handlung oder eine Straftat vorliegen.<\/p>\n\n\n\n<p>Kooperationspartner und Drittanbieter, die Informationen als Auftragsverarbeiter verarbeiten. Mit allen unseren Anbietern haben wir entsprechende Vereinbarungen zur Auftragsverarbeitung gem\u00e4\u00df den Datenschutzbestimmungen abgeschlossen. <\/p>\n\n\n\n<p>Von Go-PopUp autorisierte Mitarbeiter und\/oder Kooperationspartner unterliegen stets den geltenden Datenschutzbestimmungen;<\/p>\n\n\n\n<p>Wir informieren Sie dar\u00fcber, dass Go-PopUp Ihre personenbezogenen Daten nicht in ein Land au\u00dferhalb des Europ\u00e4ischen Wirtschaftsraums (EWR) \u00fcbermittelt. Sollte dies jedoch der Fall sein, w\u00fcrden wir durch die Anwendung der gesetzlich zul\u00e4ssigen Schutzma\u00dfnahmen, insbesondere durch die Verwendung von von der Europ\u00e4ischen Kommission genehmigten Standardvertragsklauseln, einen angemessenen Schutz Ihrer personenbezogenen Daten gew\u00e4hrleisten.  <\/p>\n\n\n\n<p>Welche Rechte haben Sie, wenn Sie uns personenbezogene Daten \u00fcbermitteln?<\/p>\n\n\n\n<p>Wenn wir Ihre Daten verarbeiten, sollten Sie wissen, dass Sie folgende Rechte haben:<\/p>\n\n\n\n<p>Recht auf Auskunft \u00fcber Ihre personenbezogenen Daten: Sie k\u00f6nnen fragen, ob wir Ihre Daten verarbeiten, und falls ja, auf diese zugreifen.<\/p>\n\n\n\n<p>Recht auf Berichtigung, falls die Daten unrichtig sind, oder auf Vervollst\u00e4ndigung der von uns unvollst\u00e4ndigen Daten.  <\/p>\n\n\n\n<p>Recht auf L\u00f6schung Ihrer Daten.  <\/p>\n\n\n\n<p>Recht auf Einschr\u00e4nkung der Verarbeitung Ihrer Daten: In diesem Fall speichern wir Ihre Daten nur noch zur Geltendmachung oder Verteidigung von Rechtsanspr\u00fcchen.<\/p>\n\n\n\n<p>Widerspruchsrecht gegen die Verarbeitung: Wir werden die Verarbeitung personenbezogener Daten einstellen, es sei denn, die Verarbeitung ist aus berechtigten Gr\u00fcnden oder zur Geltendmachung oder Verteidigung von Rechtsanspr\u00fcchen erforderlich.<\/p>\n\n\n\n<p>Recht auf Daten\u00fcbertragbarkeit: Wenn Sie w\u00fcnschen, dass Ihre Daten von einem anderen Verantwortlichen verarbeitet werden, erleichtern wir die \u00dcbertragung Ihrer Daten an den neuen Verantwortlichen, sofern dies technisch m\u00f6glich ist.  <\/p>\n\n\n\n<p>Recht, nicht einer ausschlie\u00dflich auf automatisierter Verarbeitung Ihrer personenbezogenen Daten beruhenden Entscheidung unterworfen zu werden.  <\/p>\n\n\n\n<p>Wenn Sie uns Ihre Einwilligung f\u00fcr einen bestimmten Zweck erteilt haben, k\u00f6nnen Sie diese jederzeit widerrufen, ohne dass die Rechtm\u00e4\u00dfigkeit der aufgrund der Einwilligung bis zum Widerruf erfolgten Verarbeitung ber\u00fchrt wird.<\/p>\n\n\n\n<p>Um Ihre Rechte auszu\u00fcben, kontaktieren Sie uns bitte per E-Mail unter hello@gopopup.com oder schriftlich an die in Abschnitt 1 dieser Richtlinie angegebene Postanschrift. Sie k\u00f6nnen sich auch an die zust\u00e4ndige Beh\u00f6rde, in diesem Fall die spanische Datenschutzbeh\u00f6rde (https:\/\/www.aepd.es), wenden, wann immer Sie dies f\u00fcr angemessen halten. <\/p>\n\n\n\n<p>Wie haben wir Ihre personenbezogenen Daten erhalten?<\/p>\n\n\n\n<p>Ihre personenbezogenen Daten wurden m\u00f6glicherweise auf folgenden Wegen erhoben:<\/p>\n\n\n\n<p>Die von uns verarbeiteten personenbezogenen Daten sind diejenigen, die Sie uns direkt mitgeteilt haben, indem Sie das bereitgestellte Kontaktformular ausgef\u00fcllt und\/oder unsere Dienstleistungen direkt in Anspruch genommen und das entsprechende Registrierungsformular ausgef\u00fcllt haben.<\/p>\n\n\n\n<p>Ihre personenbezogenen Daten wurden durch die Kommunikation mit dem Unternehmen, der Organisation oder der Einrichtung, der Sie angeh\u00f6ren oder mit der Sie in einer Beziehung stehen und die unsere Dienstleistungen in Anspruch genommen hat, erhoben. Bitte beachten Sie, dass die Nutzung unserer Dienstleistungen in diesen F\u00e4llen von Ihrer Beziehung zu diesem Unternehmen, dieser Organisation oder Einrichtung abh\u00e4ngt und dass diese Sie auffordern kann, die Nutzung unserer Dienstleistungen zu beenden.   <\/p>\n\n\n\n<p>Weitere Informationen<\/p>\n\n\n\n<p>Richtlinien zur Nutzung durch Kinder. Unsere Dienste richten sich ausschlie\u00dflich an Erwachsene. Daher erfassen wir wissentlich keine Daten von Minderj\u00e4hrigen. Sollten Sie jedoch Elternteil oder Erziehungsberechtigter sein und vermuten, dass Ihr Kind oder M\u00fcndel uns personenbezogene Daten \u00fcbermittelt hat, kontaktieren Sie uns bitte per E-Mail unter hello@gopopup.com.   <\/p>\n\n\n\n<p>Besonders gesch\u00fctzte Daten. Go-PopUp erhebt und verarbeitet keine personenbezogenen Daten, aus denen die ethnische oder rassische Herkunft, politische Meinungen, religi\u00f6se oder philosophische \u00dcberzeugungen oder die Gewerkschaftszugeh\u00f6rigkeit hervorgehen, und verarbeitet keine genetischen Daten, biometrischen Daten zur eindeutigen Identifizierung einer nat\u00fcrlichen Person, Daten \u00fcber die Gesundheit, das Sexualleben oder die sexuelle Orientierung.   <\/p>\n\n\n\n<p>Personenbezogene Daten Dritter. Wenn die bereitgestellten personenbezogenen Daten einem Dritten geh\u00f6ren, garantieren Sie, dass Sie diesen Dritten \u00fcber die in dieser Datenschutzerkl\u00e4rung enthaltenen Bestimmungen informiert und seine Einwilligung zur \u00dcbermittlung seiner Daten an uns f\u00fcr die in dieser Erkl\u00e4rung genannten Zwecke eingeholt haben.   <\/p>\n\n\n\n<p>Links. Die Go-PopUp-Website kann Links zu anderen Websites enthalten, die wir f\u00fcr Sie als n\u00fctzlich und informativ erachten. Bitte beachten Sie jedoch, dass wir weder die Inhalte noch die Dienste dieser Websites bef\u00fcrworten oder empfehlen und auch nicht f\u00fcr deren Datenschutzrichtlinien verantwortlich sind. Wir empfehlen Ihnen, die Datenschutzrichtlinien aller von Ihnen besuchten Websites zu lesen. Bitte beachten Sie, dass diese Datenschutzrichtlinie nur f\u00fcr Daten gilt, die von Go-PopUp erhoben und\/oder verarbeitet werden.    <\/p>\n\n\n\n<p>Aktualisierungen. Wir verwenden Ihre personenbezogenen Daten ausschlie\u00dflich gem\u00e4\u00df den Bestimmungen dieses Dokuments, das zum Zeitpunkt der Datenerhebung g\u00fcltig ist. Sollte Go-PopUp \u00c4nderungen an der Verarbeitung Ihrer Daten vornehmen, werden Sie umgehend benachrichtigt.  <\/p>\n\n\n\n<p>Kontaktieren Sie uns. Sollten Sie der Ansicht sein, dass wir die Bestimmungen dieser Datenschutzrichtlinie nicht eingehalten haben, teilen Sie uns dies bitte per E-Mail an hello@gopopup.com mit. Wenn Sie ein datenschutzrechtliches Problem eskalieren m\u00f6chten oder Fragen zu dieser Datenschutzrichtlinie haben, z\u00f6gern Sie bitte nicht, uns zu kontaktieren. Wir helfen Ihnen gerne weiter.  <\/p>\n\n\n\n<p><\/p>\n<\/div>\n<\/div>\n","protected":false},"excerpt":{"rendered":"<p>In \u00dcbereinstimmung mit den Datenschutzbestimmungen und gem\u00e4\u00df der Verordnung (EU) 2016\/679 des Europ\u00e4ischen Parlaments und des Rates vom 27. April 2016 zum Schutz nat\u00fcrlicher Personen bei der Verarbeitung personenbezogener Daten, zum freien Datenverkehr (\u201eDSGVO\u201c) und dem spanischen Organgesetz 3\/2018 vom 5. Dezember zum Schutz personenbezogener Daten und zur Gew\u00e4hrleistung digitaler Rechte (\u201eLOPDGDD\u201c) stellt Ihnen POP [&hellip;]<\/p>\n","protected":false},"author":1,"featured_media":0,"parent":0,"menu_order":0,"comment_status":"closed","ping_status":"closed","template":"","meta":{"content-type":"","gopopup_header_color_mode":"black","_joinchat":[],"footnotes":""},"class_list":["post-3149","page","type-page","status-publish","hentry"],"_links":{"self":[{"href":"https:\/\/www.gopopup.com\/de\/wp-json\/wp\/v2\/pages\/3149","targetHints":{"allow":["GET"]}}],"collection":[{"href":"https:\/\/www.gopopup.com\/de\/wp-json\/wp\/v2\/pages"}],"about":[{"href":"https:\/\/www.gopopup.com\/de\/wp-json\/wp\/v2\/types\/page"}],"author":[{"embeddable":true,"href":"https:\/\/www.gopopup.com\/de\/wp-json\/wp\/v2\/users\/1"}],"replies":[{"embeddable":true,"href":"https:\/\/www.gopopup.com\/de\/wp-json\/wp\/v2\/comments?post=3149"}],"version-history":[{"count":1,"href":"https:\/\/www.gopopup.com\/de\/wp-json\/wp\/v2\/pages\/3149\/revisions"}],"predecessor-version":[{"id":3150,"href":"https:\/\/www.gopopup.com\/de\/wp-json\/wp\/v2\/pages\/3149\/revisions\/3150"}],"wp:attachment":[{"href":"https:\/\/www.gopopup.com\/de\/wp-json\/wp\/v2\/media?parent=3149"}],"curies":[{"name":"wp","href":"https:\/\/api.w.org\/{rel}","templated":true}]}}