{"id":2049,"date":"2026-02-02T08:32:20","date_gmt":"2026-02-02T08:32:20","guid":{"rendered":"https:\/\/www.gopopup.com\/?page_id=2049"},"modified":"2026-02-23T07:51:35","modified_gmt":"2026-02-23T07:51:35","slug":"quienes-somos","status":"publish","type":"page","link":"https:\/\/www.gopopup.com\/es\/quienes-somos\/","title":{"rendered":"Quienes somos"},"content":{"rendered":"\n<div style=\"height:100px\" aria-hidden=\"true\" class=\"wp-block-spacer\"><\/div>\n\n\n\n<div class=\"wp-block-group general-group-sobre-nosotros has-global-padding is-layout-constrained wp-block-group-is-layout-constrained\">\n<p class=\"has-text-align-center espaciado-parrafo has-text-color has-link-color wp-elements-f8cb1b948d6b3d951a42f864ca73c35d\" style=\"color:#757064\">SOBRE NOSOTROS<\/p>\n\n\n\n<h1 class=\"wp-block-heading has-text-align-center\" style=\"font-size:5vh\">Conectamos marcas y espacios<br> para crear experiencias<\/h1>\n\n\n\n<div style=\"height:20px\" aria-hidden=\"true\" class=\"wp-block-spacer\"><\/div>\n\n\n\n<div class=\"wp-block-group has-global-padding is-layout-constrained wp-block-group-is-layout-constrained\">\n<div class=\"wp-block-columns two-col-sobre-nosotros is-layout-flex wp-container-core-columns-is-layout-28f84493 wp-block-columns-is-layout-flex\">\n<div class=\"wp-block-column is-layout-flow wp-block-column-is-layout-flow\">\n<div class=\"wp-block-group two-col-group-yellow has-background has-global-padding is-layout-constrained wp-container-core-group-is-layout-05ad0b9e wp-block-group-is-layout-constrained\" style=\"border-top-left-radius:30px;border-top-right-radius:30px;border-bottom-left-radius:30px;border-bottom-right-radius:30px;background-color:#eeff38;min-height:672px;padding-top:20px;padding-right:20px;padding-bottom:20px;padding-left:20px\">\n<figure class=\"wp-block-image size-large\"><img loading=\"lazy\" decoding=\"async\" width=\"60\" height=\"60\" src=\"https:\/\/www.gopopup.com\/wp-content\/uploads\/2026\/02\/heart-handshake.svg\" alt=\"\" class=\"wp-image-2052\"\/><\/figure>\n\n\n\n<div style=\"height:100px\" aria-hidden=\"true\" class=\"wp-block-spacer two-col-sobre-nosotros-heightone\"><\/div>\n\n\n\n<p style=\"font-size:30px\">Go\u2014PopUp naci\u00f3 para<br> responder a una nueva realidad<br> del retail: activar espacios<br> flexibles, creativos y de alto<br> impacto.<\/p>\n\n\n\n<div style=\"height:10px\" aria-hidden=\"true\" class=\"wp-block-spacer\"><\/div>\n\n\n\n<p style=\"font-size:30px\">Nuestro prop\u00f3sito es claro:<br> ayudar a marcas, agencias y<br> creativos a lanzar experiencias<br> temporales que conecten con<br> su audiencia y generen<br> resultados.<\/p>\n<\/div>\n<\/div>\n\n\n\n<div class=\"wp-block-column is-layout-flow wp-block-column-is-layout-flow\">\n<div class=\"wp-block-cover\" style=\"border-top-left-radius:30px;border-top-right-radius:30px;border-bottom-left-radius:30px;border-bottom-right-radius:30px;min-height:672px;aspect-ratio:unset;\"><img loading=\"lazy\" decoding=\"async\" width=\"1024\" height=\"684\" class=\"wp-block-cover__image-background wp-image-2057 size-large\" alt=\"\" src=\"https:\/\/www.gopopup.com\/wp-content\/uploads\/2026\/02\/adidaszapatos-1024x684.jpg\" data-object-fit=\"cover\" srcset=\"https:\/\/www.gopopup.com\/wp-content\/uploads\/2026\/02\/adidaszapatos-1024x684.jpg 1024w, https:\/\/www.gopopup.com\/wp-content\/uploads\/2026\/02\/adidaszapatos-300x200.jpg 300w, https:\/\/www.gopopup.com\/wp-content\/uploads\/2026\/02\/adidaszapatos-768x513.jpg 768w, https:\/\/www.gopopup.com\/wp-content\/uploads\/2026\/02\/adidaszapatos-1536x1025.jpg 1536w, https:\/\/www.gopopup.com\/wp-content\/uploads\/2026\/02\/adidaszapatos.jpg 2048w\" sizes=\"auto, (max-width: 1024px) 100vw, 1024px\" \/><span aria-hidden=\"true\" class=\"wp-block-cover__background has-background-dim-0 has-background-dim\"><\/span><div class=\"wp-block-cover__inner-container has-global-padding is-layout-constrained wp-block-cover-is-layout-constrained\">\n<p class=\"has-text-align-center has-large-font-size\"><\/p>\n<\/div><\/div>\n<\/div>\n<\/div>\n\n\n\n<div class=\"wp-block-cover\" style=\"border-top-left-radius:30px;border-top-right-radius:30px;border-bottom-left-radius:30px;border-bottom-right-radius:30px;padding-top:20px;padding-right:20px;padding-bottom:20px;padding-left:20px;min-height:328px;aspect-ratio:unset;\"><img loading=\"lazy\" decoding=\"async\" width=\"681\" height=\"1024\" class=\"wp-block-cover__image-background wp-image-2076 size-large\" alt=\"\" src=\"https:\/\/www.gopopup.com\/wp-content\/uploads\/2026\/02\/imgedificiofondobcn-681x1024.jpg\" style=\"object-position:49% 39%\" data-object-fit=\"cover\" data-object-position=\"49% 39%\" srcset=\"https:\/\/www.gopopup.com\/wp-content\/uploads\/2026\/02\/imgedificiofondobcn-681x1024.jpg 681w, https:\/\/www.gopopup.com\/wp-content\/uploads\/2026\/02\/imgedificiofondobcn-199x300.jpg 199w, https:\/\/www.gopopup.com\/wp-content\/uploads\/2026\/02\/imgedificiofondobcn-768x1156.jpg 768w, https:\/\/www.gopopup.com\/wp-content\/uploads\/2026\/02\/imgedificiofondobcn-1021x1536.jpg 1021w, https:\/\/www.gopopup.com\/wp-content\/uploads\/2026\/02\/imgedificiofondobcn-1361x2048.jpg 1361w, https:\/\/www.gopopup.com\/wp-content\/uploads\/2026\/02\/imgedificiofondobcn-scaled.jpg 1701w\" sizes=\"auto, (max-width: 681px) 100vw, 681px\" \/><span aria-hidden=\"true\" class=\"wp-block-cover__background has-black-background-color has-background-dim\"><\/span><div class=\"wp-block-cover__inner-container has-global-padding is-layout-constrained wp-container-core-cover-is-layout-bf816c8d wp-block-cover-is-layout-constrained\">\n<h2 class=\"wp-block-heading\">Nacimos en Barcelona. Visi\u00f3n globalmente.<\/h2>\n\n\n\n<div style=\"height:50px\" aria-hidden=\"true\" class=\"wp-block-spacer\"><\/div>\n\n\n\n<p>Tenemos sede en Barcelona y trabajamos con un<br> equipo multicultural que opera en remoto para dar<br> soporte en distintos mercados.<\/p>\n<\/div><\/div>\n\n\n\n<div class=\"wp-block-columns is-layout-flex wp-container-core-columns-is-layout-28f84493 wp-block-columns-is-layout-flex\">\n<div class=\"wp-block-column is-layout-flow wp-block-column-is-layout-flow\" style=\"flex-basis:46%\">\n<div class=\"wp-block-group group-black-sobre-nosotros has-background has-global-padding is-layout-constrained wp-block-group-is-layout-constrained\" style=\"border-top-left-radius:30px;border-top-right-radius:30px;border-bottom-left-radius:30px;border-bottom-right-radius:30px;background-color:#111217;min-height:700px;padding-top:20px;padding-bottom:20px\">\n<p class=\"has-white-color has-text-color has-link-color wp-elements-8d5cda5d09a706e1b0f3c2a2e270eaac\" style=\"padding-left:20px;font-size:40px\">+ 20 Pa\u00edses<\/p>\n\n\n\n<figure class=\"wp-block-image size-full is-resized\"><img loading=\"lazy\" decoding=\"async\" width=\"537\" height=\"441\" src=\"https:\/\/www.gopopup.com\/wp-content\/uploads\/2026\/02\/grupopaises.png\" alt=\"\" class=\"wp-image-2061\" style=\"width:630px\" srcset=\"https:\/\/www.gopopup.com\/wp-content\/uploads\/2026\/02\/grupopaises.png 537w, https:\/\/www.gopopup.com\/wp-content\/uploads\/2026\/02\/grupopaises-300x246.png 300w\" sizes=\"auto, (max-width: 537px) 100vw, 537px\" \/><\/figure>\n\n\n\n<p class=\"has-white-color has-text-color has-link-color wp-elements-6f1ff8b94791499237545e4dfd61dcbe\" style=\"padding-left:20px;line-height:1.5\">Cobertura internacional con ejecuci\u00f3n en terreno,<br> all\u00e1 donde est\u00e9 tu espacio.<\/p>\n<\/div>\n<\/div>\n\n\n\n<div class=\"wp-block-column is-layout-flow wp-block-column-is-layout-flow\" style=\"flex-basis:54%\">\n<div class=\"wp-block-group has-background has-global-padding is-layout-constrained wp-container-core-group-is-layout-2d1a9abb wp-block-group-is-layout-constrained\" style=\"border-top-left-radius:30px;border-top-right-radius:30px;border-bottom-left-radius:30px;border-bottom-right-radius:30px;background-color:#757064;min-height:340px;padding-top:20px;padding-right:20px;padding-bottom:20px;padding-left:20px\">\n<p class=\"has-white-color has-text-color has-link-color wp-elements-b6895ddc2b6e31e08f1f9609b65c9693\" style=\"font-size:40px\">2.000 +<\/p>\n\n\n\n<p class=\"has-white-color has-text-color has-link-color has-medium-font-size wp-elements-35908bdfb9ae3ec11fc28ea33349c7bf\">Solicitudes al mes <\/p>\n\n\n\n<div style=\"height:130px\" aria-hidden=\"true\" class=\"wp-block-spacer\"><\/div>\n\n\n\n<p class=\"has-white-color has-text-color has-link-color wp-elements-07738251ef4a580babf27be1686707e4\" style=\"line-height:1.5\">Un flujo constante de marcas<br> buscando ubicaciones cada d\u00eda.<\/p>\n<\/div>\n\n\n\n<div class=\"wp-block-group has-background has-global-padding is-layout-constrained wp-container-core-group-is-layout-2d1a9abb wp-block-group-is-layout-constrained\" style=\"border-top-left-radius:30px;border-top-right-radius:30px;border-bottom-left-radius:30px;border-bottom-right-radius:30px;background-color:#efece6;min-height:340px;padding-top:20px;padding-right:20px;padding-bottom:20px;padding-left:20px\">\n<p style=\"font-size:40px\">+ 10 a\u00f1os<\/p>\n\n\n\n<p style=\"font-size:20px\">Liderando pop-up<\/p>\n\n\n\n<div style=\"height:120px\" aria-hidden=\"true\" class=\"wp-block-spacer\"><\/div>\n\n\n\n<p class=\"has-text-color has-link-color wp-elements-11e8af7e91449da675c155a6228d603f\" style=\"color:#000000b3;line-height:1.5\">Una d\u00e9cada de aprendizaje real<br> en activaciones, operaciones y<br> retail experiencial.<\/p>\n<\/div>\n<\/div>\n<\/div>\n<\/div>\n\n\n\n<div style=\"height:70px\" aria-hidden=\"true\" class=\"wp-block-spacer\"><\/div>\n\n\n\n<p class=\"has-text-align-center p-marcas-sobre-nosotros\" style=\"font-size:30px;line-height:1.5\">Cada mes ayudamos a marcas a encontrar el espacio ideal y<br> lanzar pop-ups que destacan, aprovechando mejor los<br> espacios que ya existen.<\/p>\n\n\n\n<div style=\"height:70px\" aria-hidden=\"true\" class=\"wp-block-spacer height1-metricas-sobre-nosotros\"><\/div>\n\n\n\n<div class=\"wp-block-group has-global-padding is-layout-constrained wp-block-group-is-layout-constrained\">\n<div class=\"wp-block-columns column-metricas-sobre-nosotros is-layout-flex wp-container-core-columns-is-layout-28f84493 wp-block-columns-is-layout-flex\">\n<div class=\"wp-block-column is-layout-flow wp-block-column-is-layout-flow\" style=\"flex-basis:40%\">\n<div class=\"wp-block-columns is-layout-flex wp-container-core-columns-is-layout-28f84493 wp-block-columns-is-layout-flex\">\n<div class=\"wp-block-column is-layout-flow wp-block-column-is-layout-flow\"><\/div>\n\n\n\n<div class=\"wp-block-column is-layout-flow wp-container-core-column-is-layout-fe0e2ea3 wp-block-column-is-layout-flow\">\n<p class=\"column-metricas-sobre-nosotros-p\" style=\"font-size:40px\">+12k Marcas<\/p>\n\n\n\n<p class=\"has-text-align-center has-text-color has-link-color wp-elements-7d98f196190d09a317b7c5e5396e316e\" style=\"color:#000000b3\">nos eligen.<\/p>\n<\/div>\n<\/div>\n<\/div>\n\n\n\n<div class=\"wp-block-column is-layout-flow wp-block-column-is-layout-flow\" style=\"flex-basis:20%\"><\/div>\n\n\n\n<div class=\"wp-block-column is-layout-flow wp-block-column-is-layout-flow\" style=\"flex-basis:40%\">\n<div class=\"wp-block-columns is-layout-flex wp-container-core-columns-is-layout-28f84493 wp-block-columns-is-layout-flex\">\n<div class=\"wp-block-column is-layout-flow wp-container-core-column-is-layout-fe0e2ea3 wp-block-column-is-layout-flow\" style=\"flex-basis:70%\">\n<p class=\"column-metricas-sobre-nosotros-p2\" style=\"font-size:40px\">+9k Propietarios<\/p>\n\n\n\n<p class=\"has-text-align-center has-text-color has-link-color wp-elements-560741de0a93ce26d57717f24404deff\" style=\"color:#000000b3\">espacios publicados.<\/p>\n<\/div>\n\n\n\n<div class=\"wp-block-column is-layout-flow wp-block-column-is-layout-flow\" style=\"flex-basis:30%\"><\/div>\n<\/div>\n<\/div>\n<\/div>\n<\/div>\n\n\n\n<div style=\"height:70px\" aria-hidden=\"true\" class=\"wp-block-spacer height2-metricas-sobre-nosotros\"><\/div>\n\n\n\n<div class=\"wp-block-group group-team-sobre-nosotros has-global-padding is-layout-constrained wp-block-group-is-layout-constrained\">\n<div class=\"wp-block-columns is-layout-flex wp-container-core-columns-is-layout-28f84493 wp-block-columns-is-layout-flex\">\n<div class=\"wp-block-column is-layout-flow wp-block-column-is-layout-flow\" style=\"flex-basis:20%\"><\/div>\n\n\n\n<div class=\"wp-block-column is-layout-flow wp-block-column-is-layout-flow\" style=\"flex-basis:60%\">\n<div class=\"wp-block-group is-content-justification-center is-nowrap is-layout-flex wp-container-core-group-is-layout-eeea3fc2 wp-block-group-is-layout-flex\">\n<div class=\"wp-block-group card-img-bottom card-left-team has-border-color has-background wp-container-content-0e080917 has-global-padding is-content-justification-center is-layout-constrained wp-container-core-group-is-layout-7a2f675f wp-block-group-is-layout-constrained\" style=\"border-color:#c0c0be;border-width:2px;border-top-left-radius:30px;border-top-right-radius:30px;border-bottom-left-radius:30px;border-bottom-right-radius:30px;background-color:#d5d5d3;min-height:500px;padding-top:50px;padding-right:20px;padding-bottom:50px;padding-left:20px\">\n<p class=\"has-text-align-center has-medium-font-size\">Michelle Felip<\/p>\n\n\n\n<p class=\"has-text-align-center has-text-color has-link-color wp-elements-e6f8c8587268892cb30e94babb113e11\" style=\"color:#000000b3\">Co-fundadora y Directora<br> de Agencia<\/p>\n\n\n\n<figure class=\"wp-block-image size-full\"><img loading=\"lazy\" decoding=\"async\" width=\"500\" height=\"500\" src=\"https:\/\/www.gopopup.com\/wp-content\/uploads\/2026\/02\/michelle2.png\" alt=\"\" class=\"wp-image-2066\" srcset=\"https:\/\/www.gopopup.com\/wp-content\/uploads\/2026\/02\/michelle2.png 500w, https:\/\/www.gopopup.com\/wp-content\/uploads\/2026\/02\/michelle2-300x300.png 300w, https:\/\/www.gopopup.com\/wp-content\/uploads\/2026\/02\/michelle2-150x150.png 150w\" sizes=\"auto, (max-width: 500px) 100vw, 500px\" \/><\/figure>\n<\/div>\n\n\n\n<div class=\"wp-block-group card-img-bottom card-right-team has-border-color has-background wp-container-content-0e080917 has-global-padding is-layout-constrained wp-container-core-group-is-layout-8916867f wp-block-group-is-layout-constrained\" style=\"border-color:#c0c0be;border-width:2px;border-top-left-radius:30px;border-top-right-radius:30px;border-bottom-left-radius:30px;border-bottom-right-radius:30px;background-color:#d5d5d3;min-height:500px;padding-top:50px;padding-right:20px;padding-bottom:50px;padding-left:20px\">\n<p class=\"has-text-align-center has-medium-font-size\">Carolina Argent\u00e9<\/p>\n\n\n\n<p class=\"has-text-align-center has-text-color has-link-color wp-elements-caafb8938173ff389e3a0044b95273d2\" style=\"color:#000000b3\">Co-fundadora y Directora<br> del Marketplace<\/p>\n\n\n\n<figure class=\"wp-block-image size-full\"><img loading=\"lazy\" decoding=\"async\" width=\"500\" height=\"500\" src=\"https:\/\/www.gopopup.com\/wp-content\/uploads\/2026\/02\/carolinafondo.png\" alt=\"\" class=\"wp-image-2071\" srcset=\"https:\/\/www.gopopup.com\/wp-content\/uploads\/2026\/02\/carolinafondo.png 500w, https:\/\/www.gopopup.com\/wp-content\/uploads\/2026\/02\/carolinafondo-300x300.png 300w, https:\/\/www.gopopup.com\/wp-content\/uploads\/2026\/02\/carolinafondo-150x150.png 150w\" sizes=\"auto, (max-width: 500px) 100vw, 500px\" \/><\/figure>\n<\/div>\n<\/div>\n<\/div>\n\n\n\n<div class=\"wp-block-column is-layout-flow wp-block-column-is-layout-flow\" style=\"flex-basis:20%\"><\/div>\n<\/div>\n<\/div>\n\n\n\n<div style=\"height:100px\" aria-hidden=\"true\" class=\"wp-block-spacer height3-metricas-sobre-nosotros\"><\/div>\n<\/div>\n","protected":false},"excerpt":{"rendered":"<p>SOBRE NOSOTROS Conectamos marcas y espacios para crear experiencias Go\u2014PopUp naci\u00f3 para responder a una nueva realidad del retail: activar espacios flexibles, creativos y de alto impacto. Nuestro prop\u00f3sito es claro: ayudar a marcas, agencias y creativos a lanzar experiencias temporales que conecten con su audiencia y generen resultados. + 20 Pa\u00edses Cobertura internacional con [&hellip;]<\/p>\n","protected":false},"author":1,"featured_media":0,"parent":0,"menu_order":0,"comment_status":"closed","ping_status":"closed","template":"","meta":{"content-type":"","gopopup_header_color_mode":"black","_joinchat":[],"footnotes":""},"class_list":["post-2049","page","type-page","status-publish","hentry"],"_links":{"self":[{"href":"https:\/\/www.gopopup.com\/es\/wp-json\/wp\/v2\/pages\/2049","targetHints":{"allow":["GET"]}}],"collection":[{"href":"https:\/\/www.gopopup.com\/es\/wp-json\/wp\/v2\/pages"}],"about":[{"href":"https:\/\/www.gopopup.com\/es\/wp-json\/wp\/v2\/types\/page"}],"author":[{"embeddable":true,"href":"https:\/\/www.gopopup.com\/es\/wp-json\/wp\/v2\/users\/1"}],"replies":[{"embeddable":true,"href":"https:\/\/www.gopopup.com\/es\/wp-json\/wp\/v2\/comments?post=2049"}],"version-history":[{"count":13,"href":"https:\/\/www.gopopup.com\/es\/wp-json\/wp\/v2\/pages\/2049\/revisions"}],"predecessor-version":[{"id":3532,"href":"https:\/\/www.gopopup.com\/es\/wp-json\/wp\/v2\/pages\/2049\/revisions\/3532"}],"wp:attachment":[{"href":"https:\/\/www.gopopup.com\/es\/wp-json\/wp\/v2\/media?parent=2049"}],"curies":[{"name":"wp","href":"https:\/\/api.w.org\/{rel}","templated":true}]}}