{"id":3,"date":"2025-05-29T14:33:08","date_gmt":"2025-05-29T14:33:08","guid":{"rendered":"https:\/\/www.gopopup.com\/?page_id=3"},"modified":"2026-02-12T12:51:49","modified_gmt":"2026-02-12T12:51:49","slug":"politica-de-privacidad","status":"publish","type":"page","link":"https:\/\/www.gopopup.com\/es\/politica-de-privacidad\/","title":{"rendered":"Pol\u00edtica de privacidad"},"content":{"rendered":"\n<div class=\"wp-block-group alignfull has-global-padding is-layout-constrained wp-block-group-is-layout-constrained\">\n<div class=\"wp-block-group alignwide has-global-padding is-layout-constrained wp-block-group-is-layout-constrained\">\n<p>En cumplimiento de la normativa de Protecci\u00f3n de Datos Personales y de conformidad con el Reglamento (UE) 2016\/679 del Parlamento Europeo y del Consejo, de 27 de abril de 2016, relativo a la protecci\u00f3n de las personas f\u00edsicas en lo que respecta al tratamiento de datos personales y a la libre circulaci\u00f3n de estos datos (\u201cRGPD\u201d) y con la Ley Org\u00e1nica 3\/2018, de 5 de diciembre, de protecci\u00f3n de datos personales y garant\u00eda de los derechos digitales (\u201cLOPDGDD\u201d), a continuaci\u00f3n POP CORNER NETWORK, S.L. (en adelante, \u201cGo-PopUp\u201d). le proporcionamos la informaci\u00f3n para que conozca todos los elementos relevantes al tratamiento de sus datos.<\/p>\n\n\n\n<p>\u00bfQui\u00e9n es el Responsable del tratamiento de sus datos?<\/p>\n\n\n\n<p>Identidad: POP CORNER NETWORK, S.L.&nbsp;<\/p>\n\n\n\n<p>NIF: B-65735136.<\/p>\n\n\n\n<p>Direcci\u00f3n postal: c\/: Pamplona, 88-90, Principal 1\u00aa, Barcelona (08018).&nbsp;<\/p>\n\n\n\n<p>Correo electr\u00f3nico: hello@gopopup.com&nbsp;<\/p>\n\n\n\n<p>\u00bfEn qu\u00e9 momento recogemos sus datos personales?<\/p>\n\n\n\n<p>Podemos recoger sus datos personales en los siguientes momentos:<\/p>\n\n\n\n<p>A trav\u00e9s del formulario de contacto: en nuestro sitio web tenemos disponible un formulario para que pueda contactar con nosotros para solicitar informaci\u00f3n de nuestros servicios o realizar consultas. Al completar el formulario solicitamos que se identifique y que nos facilite sus datos de contacto.<\/p>\n\n\n\n<p>A trav\u00e9s del formulario de inicio de sesi\u00f3n habilitado: nuestro sitio web dispone de un formulario en el que nuestros clientes pueden iniciar la sesi\u00f3n para disfrutar de los servicios contratados. &nbsp;<\/p>\n\n\n\n<p>Mediante Cookies: nuestra web instala cookies que recogen informaci\u00f3n sobre la navegaci\u00f3n, le recomendamos que lea la Pol\u00edtica de Cookies para informaci\u00f3n completa al respecto.<\/p>\n\n\n\n<p>\u00bfCon qu\u00e9 finalidad tratamos sus datos personales?&nbsp;<\/p>\n\n\n\n<p>Sus datos personales pueden ser tratados con las siguientes finalidades:<\/p>\n\n\n\n<p>Su informaci\u00f3n puede ser tratada con la finalidad de asistir, gestionar y atender las posibles solicitudes, comentarios y\/o consultas que nos realice.&nbsp;<\/p>\n\n\n\n<p>Si usted es nuestro cliente, sus datos ser\u00e1n tratados para ofrecerle nuestros servicios de conformidad con las Condiciones Generales y\/o Particulares del servicio contratado; incluyendo la configuraci\u00f3n y gesti\u00f3n de su cuenta de usuario. Para m\u00e1s informaci\u00f3n en relaci\u00f3n al tratamiento de sus datos personales durante el uso de nuestros servicios, por favor consulte la\/s cl\u00e1usula\/s de protecci\u00f3n de datos de las Condiciones Generales y\/o Particulares de los servicios contratados.&nbsp;<\/p>\n\n\n\n<p>En el caso de que haya manifestado su consentimiento, mantenerle informado a trav\u00e9s del env\u00edo de nuestro bolet\u00edn informativo\/newsletter, cuyo contenido versa principalmente sobre nuestros servicios, actividades, proyectos y otra informaci\u00f3n relevante.&nbsp;<\/p>\n\n\n\n<p>La informaci\u00f3n ser\u00e1 tratada para cumplir con nuestras obligaciones legales, posibles resoluciones judiciales y otras decisiones determinadas por las autoridades. &nbsp;Incluyendo la comunicaci\u00f3n de sus datos personales a las fuerzas y cuerpos de seguridad, siempre que tengamos sospechas o indicios de una actuaci\u00f3n que pueda constituir un il\u00edcito\/delito penal.<\/p>\n\n\n\n<p>Su informaci\u00f3n ser\u00e1 tratada para realizar an\u00e1lisis e informes estad\u00edsticos a los efectos de conocer el funcionamiento y las necesidades de nuestros servicios, con la finalidad de mejorar el desarrollo y ofrecer nuevas soluciones.&nbsp;<\/p>\n\n\n\n<p>\u00bfCu\u00e1l es la legitimaci\u00f3n para el tratamiento de sus datos personales?&nbsp;<\/p>\n\n\n\n<p>Los tratamientos realizados disponen de las siguientes bases legales:&nbsp;<\/p>\n\n\n\n<p>Cuando sus datos son tratados para asistir, gestionar y atender las posibles solicitudes, comentarios y\/o consultas, el tratamiento se realiza en base a su consentimiento al remitirnos su consulta y\/o solicitud (art\u00edculo 6.1.a) RGPD).&nbsp;<\/p>\n\n\n\n<p>Cuando sus datos son tratados para ofrecerle nuestros servicios, el tratamiento se realiza en base a la ejecuci\u00f3n de las Condiciones Generales y\/o Condiciones Particulares que regulan nuestra relaci\u00f3n y que ha aceptado (art\u00edculo 6.1.b) RGPD).&nbsp;<\/p>\n\n\n\n<p>Cuando su informaci\u00f3n es tratada para enviarle nuestro bolet\u00edn informativo\/newsletter, el tratamiento se realiza en base a su consentimiento otorgado a trav\u00e9s de la correspondiente casilla y\/o formulario habilitado a tal efecto (art\u00edculo 6.1.a) RGPD). Le recordamos que el env\u00edo de nuestro bolet\u00edn informativo\/newsletter puede ser revocado en todo momento en cada una de las comunicaciones recibidas mediante el mecanismo habilitado al efecto.&nbsp;<\/p>\n\n\n\n<p>Cuando la informaci\u00f3n es tratada para cumplir con nuestras obligaciones legales, posibles resoluciones judiciales y otras decisiones determinadas por las autoridades, incluyendo la posible comunicaci\u00f3n, el tratamiento se realiza en base al cumplimiento de nuestras obligaciones legales (art\u00edculo 6.1.c) RGPD). &nbsp;<\/p>\n\n\n\n<p>Cuando la informaci\u00f3n es tratada para realizar an\u00e1lisis e informes estad\u00edsticos a los efectos de conocer el funcionamiento y las necesidades de nuestros servicios, con la finalidad de mejorar el desarrollo y ofrecer nuevas soluciones, el tratamiento se realiza en base a nuestro inter\u00e9s leg\u00edtimo (art\u00edculo 6.1.f) RGPD), que consiste en gestionar y mejorar nuestros servicios y productos para ofrecer un servicio de calidad y crecer como negocio.<\/p>\n\n\n\n<p>\u00bfPor cu\u00e1nto tiempo conservaremos sus datos personales?<\/p>\n\n\n\n<p>Sus datos personales ser\u00e1n tratados durante el periodo necesario para cumplir con los fines establecidos en esta Pol\u00edtica de Privacidad, as\u00ed como para conservar su informaci\u00f3n personal en cumplimiento de las disposiciones de las leyes y normativas pertinentes, especialmente en relaci\u00f3n a los plazos legales de prescripci\u00f3n, y para la formulaci\u00f3n, ejercicio o defensa de reclamaciones.&nbsp;<\/p>\n\n\n\n<p>El criterio que seguimos para ello viene determinado por la finalidad de los datos recopilados y el cumplimiento de dicho fin (p.ej., en caso de consentimiento, podr\u00e1s revocarlo en cualquier momento) y, los periodos de almacenamiento obligados seg\u00fan los requisitos contractuales y normativos.<\/p>\n\n\n\n<p>Tenga presente que, en algunos casos, podremos conservar sus datos durante el plazo necesario para la formulaci\u00f3n, ejercicio o defensa de reclamaciones, requerimientos, responsabilidades y obligaciones legales y\/o contractuales, siempre estando debidamente bloqueados.<\/p>\n\n\n\n<p>\u00bfA qu\u00e9 destinatarios se pueden comunicar sus datos?<\/p>\n\n\n\n<p>Dependiendo de los fines para los que se recopila la informaci\u00f3n personal, pueden acceder a sus datos personales, los siguientes terceros:&nbsp;<\/p>\n\n\n\n<p>Administraciones p\u00fablicas, Organismos y\/o Autoridades competentes y, las fuerzas y cuerpos de seguridad pertinentes, en supuestos que exista un requerimiento, una obligaci\u00f3n legal o consideremos que hay indicios y\/o sospechas suficientes para estar ante un il\u00edcito o delito penal.<\/p>\n\n\n\n<p>Colaboradores y terceros proveedores de servicios que tratan informaci\u00f3n como encargados del tratamiento de datos. Con todos nuestros proveedores se ha celebrado el correspondiente contrato de encargo de tratamiento conforme la normativa de protecci\u00f3n de datos personales.<\/p>\n\n\n\n<p>Empleados y\/o colaboradores autorizados por Go-PopUp, siempre sujetos a las normas de protecci\u00f3n de datos que resulten de aplicaci\u00f3n;<\/p>\n\n\n\n<p>Le informamos de que Go-PopUp no transfiere sus datos personales a un pa\u00eds fuera del Espacio Econ\u00f3mico Europeo (E.E.E.) Sin embargo, si se realizara nos asegurar\u00edamos de disponer una adecuada protecci\u00f3n de los datos personales mediante la utilizaci\u00f3n de las salvaguardas permitidas por la normativa, en especial, el uso de las cl\u00e1usulas contractuales tipo aprobadas por la Comisi\u00f3n Europea.&nbsp;<\/p>\n\n\n\n<p>\u00bfCu\u00e1les son sus derechos cuando nos facilitas datos personales?<\/p>\n\n\n\n<p>Si tratamos sus datos debes saber que sus derechos son:<\/p>\n\n\n\n<p>Derecho a solicitar el acceso a los datos personales: puede preguntar si estamos tratando sus datos, y en caso afirmativo acceder a los mismos.<\/p>\n\n\n\n<p>Derecho a solicitar la rectificaci\u00f3n si los datos son inexactos, o completar los datos que tengamos incompletos.&nbsp;<\/p>\n\n\n\n<p>Derecho a solicitar la supresi\u00f3n de sus datos.&nbsp;<\/p>\n\n\n\n<p>Derecho a solicitar la limitaci\u00f3n de su tratamiento: en este caso, \u00fanicamente conservaremos su informaci\u00f3n para el ejercicio o la defensa de reclamaciones.<\/p>\n\n\n\n<p>Derecho a oponerse al tratamiento: dejaremos de tratar los datos personales, con la excepci\u00f3n que deban seguir trat\u00e1ndose por motivos leg\u00edtimos o para el ejercicio o defensa de posibles reclamaciones.<\/p>\n\n\n\n<p>Derecho a la portabilidad de los datos: en caso de que quiera que sus datos sean tratados por otro responsable del tratamiento, le facilitaremos el trasvase de tus datos al nuevo responsable, siempre que sea t\u00e9cnicamente posible.&nbsp;<\/p>\n\n\n\n<p>Derecho a no ser objeto de una decisi\u00f3n basada \u00fanicamente en el tratamiento automatizado de sus datos personales.&nbsp;<\/p>\n\n\n\n<p>Si nos ha dado su consentimiento para cualquier prop\u00f3sito espec\u00edfico, puede retirarlo cuando lo desee, sin que ello afecte a la legalidad del tratamiento basado en el consentimiento previo a la retirada.<\/p>\n\n\n\n<p>Para ejercer sus derechos debe contactar con nosotros enviando un email a hello@gopopup.com &nbsp; o por escrito a la direcci\u00f3n postal que consta el apartado 1 de la presente pol\u00edtica. Siempre que lo considere oportuno puede presentar una reclamaci\u00f3n ante la autoridad competente, en este caso, la Agencia Espa\u00f1ola de Protecci\u00f3n de Datos (https:\/\/www.aepd.es).<\/p>\n\n\n\n<p>\u00bfC\u00f3mo hemos obtenido sus datos personales?<\/p>\n\n\n\n<p>Sus datos personales pueden haberse obtenido a trav\u00e9s de las siguientes v\u00edas:<\/p>\n\n\n\n<p>Los datos personales que tratemos son los que usted nos ha aportado directamente completando el formulario de contacto habilitado y\/o contratado directamente nuestros servicios y completando el correspondiente formulario de registro.<\/p>\n\n\n\n<p>Sus datos personales han sido obtenidos por comunicaci\u00f3n de la empresa, organismo o entidad de la que usted forma parte o tiene una relaci\u00f3n y que ha contratado nuestros servicios. En estos supuestos, recuerde que los servicios se encuentran condicionados por la relaci\u00f3n que usted ostenta con dicha empresa, organismo o entidad, pudiendo la misma solicitarnos su baja del servicio.&nbsp;<\/p>\n\n\n\n<p>Informaci\u00f3n adicional<\/p>\n\n\n\n<p>Pol\u00edtica sobre uso infantil. Nuestros servicios est\u00e1n dirigidos exclusivamente a personas mayores de edad. En este sentido, no recopilamos deliberadamente informaci\u00f3n de menores de edad. En cualquier caso, si usted es padre, madre o representante legal y considera que su hijo o tutelado nos ha remitido datos personales, rogamos que contacte con nosotros enviando un email a hello@gopopup.com.<\/p>\n\n\n\n<p>Datos especialmente protegidos. Go-PopUp no recoge ni tratar\u00e1 datos personales que revelen el origen \u00e9tnico o racial, las opiniones pol\u00edticas, las convicciones religiosas o filos\u00f3ficas, o la afiliaci\u00f3n sindical, y el tratamiento de datos gen\u00e9ticos, datos biom\u00e9tricos dirigidos a identificar de manera univoca a una persona f\u00edsicas, datos relativos a salud o a la vida sexual o las orientaciones sexuales.&nbsp;<\/p>\n\n\n\n<p>Datos personales de terceros. Si los datos personales aportados pertenecieran a un tercero, usted garantiza que ha informado a dicho tercero de los aspectos contenidos en la presente Pol\u00edtica de Privacidad, y ha obtenido su consentimiento para facilitarnos sus datos para los fines se\u00f1alados en dicha Pol\u00edtica.&nbsp;<\/p>\n\n\n\n<p>Enlaces. En el sitio web de Go-PopUp puede haber enlaces a otros sitios web que consideremos potencialmente \u00fatiles e informativos para usted. No obstante, tenga presente que no avalamos ni recomendamos el contenido ni los servicios de tales sitios web, ni somos responsables de las pol\u00edticas de privacidad de los mismos. Recomendamos que tenga en cuenta y lea las pol\u00edticas de privacidad de todos los sitios que visite. Recuerde que lo que se indica en esta Pol\u00edtica de Privacidad solo rige para los datos que recaba y\/o trata Go-PopUp.<\/p>\n\n\n\n<p>Actualizaciones. Solo utilizaremos sus datos personales seg\u00fan lo establecido en este documento que est\u00e1 en vigor en el momento en que recabemos su informaci\u00f3n. En el caso de que Go-PopUp lleve a cabo una modificaci\u00f3n sobre el tratamiento de sus datos se le informar\u00e1 oportunamente.<\/p>\n\n\n\n<p>Cont\u00e1ctenos. Si en alg\u00fan momento considera que no hemos cumplido con las disposiciones establecidas en esta Pol\u00edtica de Privacidad, por favor comun\u00edquenoslo enviando un correo electr\u00f3nico a hello@gopopup.com .Si quiere escalar un problema relativo a la privacidad de sus datos o tiene cualquier pregunta relativa a esta Pol\u00edtica de Privacidad, no lo dude y cont\u00e1ctenos. Estaremos encantados de ayudarle.&nbsp;<\/p>\n\n\n\n<p><\/p>\n<\/div>\n<\/div>\n","protected":false},"excerpt":{"rendered":"<p>En cumplimiento de la normativa de Protecci\u00f3n de Datos Personales y de conformidad con el Reglamento (UE) 2016\/679 del Parlamento Europeo y del Consejo, de 27 de abril de 2016, relativo a la protecci\u00f3n de las personas f\u00edsicas en lo que respecta al tratamiento de datos personales y a la libre circulaci\u00f3n de estos datos [&hellip;]<\/p>\n","protected":false},"author":1,"featured_media":0,"parent":0,"menu_order":0,"comment_status":"closed","ping_status":"closed","template":"","meta":{"content-type":"","gopopup_header_color_mode":"black","_joinchat":[],"footnotes":""},"class_list":["post-3","page","type-page","status-publish","hentry"],"_links":{"self":[{"href":"https:\/\/www.gopopup.com\/es\/wp-json\/wp\/v2\/pages\/3","targetHints":{"allow":["GET"]}}],"collection":[{"href":"https:\/\/www.gopopup.com\/es\/wp-json\/wp\/v2\/pages"}],"about":[{"href":"https:\/\/www.gopopup.com\/es\/wp-json\/wp\/v2\/types\/page"}],"author":[{"embeddable":true,"href":"https:\/\/www.gopopup.com\/es\/wp-json\/wp\/v2\/users\/1"}],"replies":[{"embeddable":true,"href":"https:\/\/www.gopopup.com\/es\/wp-json\/wp\/v2\/comments?post=3"}],"version-history":[{"count":8,"href":"https:\/\/www.gopopup.com\/es\/wp-json\/wp\/v2\/pages\/3\/revisions"}],"predecessor-version":[{"id":1079,"href":"https:\/\/www.gopopup.com\/es\/wp-json\/wp\/v2\/pages\/3\/revisions\/1079"}],"wp:attachment":[{"href":"https:\/\/www.gopopup.com\/es\/wp-json\/wp\/v2\/media?parent=3"}],"curies":[{"name":"wp","href":"https:\/\/api.w.org\/{rel}","templated":true}]}}