{"id":3018,"date":"2026-02-02T08:32:20","date_gmt":"2026-02-02T08:32:20","guid":{"rendered":"https:\/\/www.gopopup.com\/qui-sommes-nous\/"},"modified":"2026-02-23T07:52:33","modified_gmt":"2026-02-23T07:52:33","slug":"a-propos","status":"publish","type":"page","link":"https:\/\/www.gopopup.com\/fr\/a-propos\/","title":{"rendered":"Qui sommes-nous ?"},"content":{"rendered":"\n<div style=\"height:100px\" aria-hidden=\"true\" class=\"wp-block-spacer\"><\/div>\n\n\n\n<div class=\"wp-block-group general-group-sobre-nosotros has-global-padding is-layout-constrained wp-block-group-is-layout-constrained\">\n<p class=\"has-text-align-center espaciado-parrafo has-text-color has-link-color wp-elements-66cd8621524da22819c86b9fea05f587\" style=\"color:#757064\">\u00c0 PROPOS DE NOUS<\/p>\n\n\n\n<h1 class=\"wp-block-heading has-text-align-center\" style=\"font-size:5vh\">Nous mettons en relation les marques et les espaces.<br> cr\u00e9er des exp\u00e9riences<\/h1>\n\n\n\n<div style=\"height:20px\" aria-hidden=\"true\" class=\"wp-block-spacer\"><\/div>\n\n\n\n<div class=\"wp-block-group has-global-padding is-layout-constrained wp-block-group-is-layout-constrained\">\n<div class=\"wp-block-columns two-col-sobre-nosotros is-layout-flex wp-container-core-columns-is-layout-28f84493 wp-block-columns-is-layout-flex\">\n<div class=\"wp-block-column is-layout-flow wp-block-column-is-layout-flow\">\n<div class=\"wp-block-group two-col-group-yellow has-background has-global-padding is-layout-constrained wp-container-core-group-is-layout-05ad0b9e wp-block-group-is-layout-constrained\" style=\"border-top-left-radius:30px;border-top-right-radius:30px;border-bottom-left-radius:30px;border-bottom-right-radius:30px;background-color:#eeff38;min-height:672px;padding-top:20px;padding-right:20px;padding-bottom:20px;padding-left:20px\">\n<figure class=\"wp-block-image size-large\"><img loading=\"lazy\" decoding=\"async\" width=\"60\" height=\"60\" src=\"https:\/\/www.gopopup.com\/wp-content\/uploads\/2026\/02\/heart-handshake.svg\" alt=\"\" class=\"wp-image-2052\"\/><\/figure>\n\n\n\n<div style=\"height:100px\" aria-hidden=\"true\" class=\"wp-block-spacer two-col-sobre-nosotros-heightone\"><\/div>\n\n\n\n<p style=\"font-size:30px\">Go-PopUp est n\u00e9 pour<br> r\u00e9pondre \u00e0 une nouvelle r\u00e9alit\u00e9<br> Dans le commerce de d\u00e9tail : activer les espaces<br> flexible, cr\u00e9atif et de haut niveau<br> impact.<\/p>\n\n\n\n<div style=\"height:10px\" aria-hidden=\"true\" class=\"wp-block-spacer\"><\/div>\n\n\n\n<p style=\"font-size:30px\">Notre objectif est clair :<br> aider les marques, les agences et<br> des cr\u00e9atifs pour lancer des exp\u00e9riences<br> connexions temporaires avec<br> leur public et g\u00e9n\u00e9rer<br> r\u00e9sultats.<\/p>\n<\/div>\n<\/div>\n\n\n\n<div class=\"wp-block-column is-layout-flow wp-block-column-is-layout-flow\">\n<div class=\"wp-block-cover\" style=\"border-top-left-radius:30px;border-top-right-radius:30px;border-bottom-left-radius:30px;border-bottom-right-radius:30px;min-height:672px;aspect-ratio:unset;\"><img loading=\"lazy\" decoding=\"async\" width=\"1024\" height=\"684\" class=\"wp-block-cover__image-background wp-image-2057 size-large\" alt=\"\" src=\"https:\/\/www.gopopup.com\/wp-content\/uploads\/2026\/02\/adidaszapatos-1024x684.jpg\" data-object-fit=\"cover\" srcset=\"https:\/\/www.gopopup.com\/wp-content\/uploads\/2026\/02\/adidaszapatos-1024x684.jpg 1024w, https:\/\/www.gopopup.com\/wp-content\/uploads\/2026\/02\/adidaszapatos-300x200.jpg 300w, https:\/\/www.gopopup.com\/wp-content\/uploads\/2026\/02\/adidaszapatos-768x513.jpg 768w, https:\/\/www.gopopup.com\/wp-content\/uploads\/2026\/02\/adidaszapatos-1536x1025.jpg 1536w, https:\/\/www.gopopup.com\/wp-content\/uploads\/2026\/02\/adidaszapatos.jpg 2048w\" sizes=\"auto, (max-width: 1024px) 100vw, 1024px\" \/><span aria-hidden=\"true\" class=\"wp-block-cover__background has-background-dim-0 has-background-dim\"><\/span><div class=\"wp-block-cover__inner-container has-global-padding is-layout-constrained wp-block-cover-is-layout-constrained\">\n<p class=\"has-text-align-center has-large-font-size\"><\/p>\n<\/div><\/div>\n<\/div>\n<\/div>\n\n\n\n<div class=\"wp-block-cover\" style=\"border-top-left-radius:30px;border-top-right-radius:30px;border-bottom-left-radius:30px;border-bottom-right-radius:30px;padding-top:20px;padding-right:20px;padding-bottom:20px;padding-left:20px;min-height:328px;aspect-ratio:unset;\"><img loading=\"lazy\" decoding=\"async\" width=\"681\" height=\"1024\" class=\"wp-block-cover__image-background wp-image-2076 size-large\" alt=\"\" src=\"https:\/\/www.gopopup.com\/wp-content\/uploads\/2026\/02\/imgedificiofondobcn-681x1024.jpg\" style=\"object-position:49% 39%\" data-object-fit=\"cover\" data-object-position=\"49% 39%\" srcset=\"https:\/\/www.gopopup.com\/wp-content\/uploads\/2026\/02\/imgedificiofondobcn-681x1024.jpg 681w, https:\/\/www.gopopup.com\/wp-content\/uploads\/2026\/02\/imgedificiofondobcn-199x300.jpg 199w, https:\/\/www.gopopup.com\/wp-content\/uploads\/2026\/02\/imgedificiofondobcn-768x1156.jpg 768w, https:\/\/www.gopopup.com\/wp-content\/uploads\/2026\/02\/imgedificiofondobcn-1021x1536.jpg 1021w, https:\/\/www.gopopup.com\/wp-content\/uploads\/2026\/02\/imgedificiofondobcn-1361x2048.jpg 1361w, https:\/\/www.gopopup.com\/wp-content\/uploads\/2026\/02\/imgedificiofondobcn-scaled.jpg 1701w\" sizes=\"auto, (max-width: 681px) 100vw, 681px\" \/><span aria-hidden=\"true\" class=\"wp-block-cover__background has-black-background-color has-background-dim\"><\/span><div class=\"wp-block-cover__inner-container has-global-padding is-layout-constrained wp-container-core-cover-is-layout-bf816c8d wp-block-cover-is-layout-constrained\">\n<h2 class=\"wp-block-heading\">Nous sommes n\u00e9s \u00e0 Barcelone. Vision globale. <\/h2>\n\n\n\n<div style=\"height:50px\" aria-hidden=\"true\" class=\"wp-block-spacer\"><\/div>\n\n\n\n<p>Nous sommes bas\u00e9s \u00e0 Barcelone et travaillons avec un<br> \u00e9quipe multiculturelle travaillant \u00e0 distance pour fournir<br> un soutien sur diff\u00e9rents march\u00e9s.<\/p>\n<\/div><\/div>\n\n\n\n<div class=\"wp-block-columns is-layout-flex wp-container-core-columns-is-layout-28f84493 wp-block-columns-is-layout-flex\">\n<div class=\"wp-block-column is-layout-flow wp-block-column-is-layout-flow\" style=\"flex-basis:46%\">\n<div class=\"wp-block-group group-black-sobre-nosotros has-background has-global-padding is-layout-constrained wp-block-group-is-layout-constrained\" style=\"border-top-left-radius:30px;border-top-right-radius:30px;border-bottom-left-radius:30px;border-bottom-right-radius:30px;background-color:#111217;min-height:700px;padding-top:20px;padding-bottom:20px\">\n<p class=\"has-white-color has-text-color has-link-color wp-elements-701dd651c6c18b1e39049e42dd638b67\" style=\"padding-left:20px;font-size:40px\">+ 20 pays<\/p>\n\n\n\n<figure class=\"wp-block-image size-full is-resized\"><img loading=\"lazy\" decoding=\"async\" width=\"537\" height=\"441\" src=\"https:\/\/www.gopopup.com\/wp-content\/uploads\/2026\/02\/grupopaises.png\" alt=\"\" class=\"wp-image-2061\" style=\"width:630px\" srcset=\"https:\/\/www.gopopup.com\/wp-content\/uploads\/2026\/02\/grupopaises.png 537w, https:\/\/www.gopopup.com\/wp-content\/uploads\/2026\/02\/grupopaises-300x246.png 300w\" sizes=\"auto, (max-width: 537px) 100vw, 537px\" \/><\/figure>\n\n\n\n<p class=\"has-white-color has-text-color has-link-color wp-elements-894c69cf150a3616075ddaf3ed9c1e8a\" style=\"padding-left:20px;line-height:1.5\">Couverture internationale avec mise en \u0153uvre sur site,<br> o\u00f9 que soit votre espace.<\/p>\n<\/div>\n<\/div>\n\n\n\n<div class=\"wp-block-column is-layout-flow wp-block-column-is-layout-flow\" style=\"flex-basis:54%\">\n<div class=\"wp-block-group has-background has-global-padding is-layout-constrained wp-container-core-group-is-layout-2d1a9abb wp-block-group-is-layout-constrained\" style=\"border-top-left-radius:30px;border-top-right-radius:30px;border-bottom-left-radius:30px;border-bottom-right-radius:30px;background-color:#757064;min-height:340px;padding-top:20px;padding-right:20px;padding-bottom:20px;padding-left:20px\">\n<p class=\"has-white-color has-text-color has-link-color wp-elements-b6895ddc2b6e31e08f1f9609b65c9693\" style=\"font-size:40px\">2.000 +<\/p>\n\n\n\n<p class=\"has-white-color has-text-color has-link-color has-medium-font-size wp-elements-bad324f5d88803993823c251ed6d95ea\">Demandes par mois  <\/p>\n\n\n\n<div style=\"height:130px\" aria-hidden=\"true\" class=\"wp-block-spacer\"><\/div>\n\n\n\n<p class=\"has-white-color has-text-color has-link-color wp-elements-58044761d71a89d0037f69b8f6d07f04\" style=\"line-height:1.5\">Un flux constant de marques<br> Je recherche des lieux tous les jours.<\/p>\n<\/div>\n\n\n\n<div class=\"wp-block-group has-background has-global-padding is-layout-constrained wp-container-core-group-is-layout-2d1a9abb wp-block-group-is-layout-constrained\" style=\"border-top-left-radius:30px;border-top-right-radius:30px;border-bottom-left-radius:30px;border-bottom-right-radius:30px;background-color:#efece6;min-height:340px;padding-top:20px;padding-right:20px;padding-bottom:20px;padding-left:20px\">\n<p style=\"font-size:40px\">+10 ans<\/p>\n\n\n\n<p style=\"font-size:20px\">Leader du pop-up<\/p>\n\n\n\n<div style=\"height:120px\" aria-hidden=\"true\" class=\"wp-block-spacer\"><\/div>\n\n\n\n<p class=\"has-text-color has-link-color wp-elements-5a00b282dfe69b75cc1ec82a314a42f3\" style=\"color:#000000b3;line-height:1.5\">Une d\u00e9cennie d&rsquo;apprentissage r\u00e9el<br> dans les activations, les op\u00e9rations et<br> commerce de d\u00e9tail exp\u00e9rientiel.<\/p>\n<\/div>\n<\/div>\n<\/div>\n<\/div>\n\n\n\n<div style=\"height:70px\" aria-hidden=\"true\" class=\"wp-block-spacer\"><\/div>\n\n\n\n<p class=\"has-text-align-center p-marcas-sobre-nosotros\" style=\"font-size:30px;line-height:1.5\">Chaque mois, nous aidons les marques \u00e0 trouver l&rsquo;espace id\u00e9al et<br> lancer des pop-ups qui se d\u00e9marquent, en tirant mieux parti des<br> des espaces qui existent d\u00e9j\u00e0.<\/p>\n\n\n\n<div style=\"height:70px\" aria-hidden=\"true\" class=\"wp-block-spacer height1-metricas-sobre-nosotros\"><\/div>\n\n\n\n<div class=\"wp-block-group has-global-padding is-layout-constrained wp-block-group-is-layout-constrained\">\n<div class=\"wp-block-columns column-metricas-sobre-nosotros is-layout-flex wp-container-core-columns-is-layout-28f84493 wp-block-columns-is-layout-flex\">\n<div class=\"wp-block-column is-layout-flow wp-block-column-is-layout-flow\" style=\"flex-basis:40%\">\n<div class=\"wp-block-columns is-layout-flex wp-container-core-columns-is-layout-28f84493 wp-block-columns-is-layout-flex\">\n<div class=\"wp-block-column is-layout-flow wp-block-column-is-layout-flow\"><\/div>\n\n\n\n<div class=\"wp-block-column is-layout-flow wp-container-core-column-is-layout-fe0e2ea3 wp-block-column-is-layout-flow\">\n<p class=\"column-metricas-sobre-nosotros-p\" style=\"font-size:40px\">+12 000 marques<\/p>\n\n\n\n<p class=\"has-text-align-center has-text-color has-link-color wp-elements-36d71b9008687598828b36220b613325\" style=\"color:#000000b3\">Ils nous choisissent.<\/p>\n<\/div>\n<\/div>\n<\/div>\n\n\n\n<div class=\"wp-block-column is-layout-flow wp-block-column-is-layout-flow\" style=\"flex-basis:20%\"><\/div>\n\n\n\n<div class=\"wp-block-column is-layout-flow wp-block-column-is-layout-flow\" style=\"flex-basis:40%\">\n<div class=\"wp-block-columns is-layout-flex wp-container-core-columns-is-layout-28f84493 wp-block-columns-is-layout-flex\">\n<div class=\"wp-block-column is-layout-flow wp-container-core-column-is-layout-fe0e2ea3 wp-block-column-is-layout-flow\" style=\"flex-basis:70%\">\n<p class=\"column-metricas-sobre-nosotros-p2\" style=\"font-size:40px\">+9 000 propri\u00e9taires<\/p>\n\n\n\n<p class=\"has-text-align-center has-text-color has-link-color wp-elements-f899c51988a3328678871cf90834558b\" style=\"color:#000000b3\">espaces publi\u00e9s.<\/p>\n<\/div>\n\n\n\n<div class=\"wp-block-column is-layout-flow wp-block-column-is-layout-flow\" style=\"flex-basis:30%\"><\/div>\n<\/div>\n<\/div>\n<\/div>\n<\/div>\n\n\n\n<div style=\"height:70px\" aria-hidden=\"true\" class=\"wp-block-spacer height2-metricas-sobre-nosotros\"><\/div>\n\n\n\n<div class=\"wp-block-group group-team-sobre-nosotros has-global-padding is-layout-constrained wp-block-group-is-layout-constrained\">\n<div class=\"wp-block-columns is-layout-flex wp-container-core-columns-is-layout-28f84493 wp-block-columns-is-layout-flex\">\n<div class=\"wp-block-column is-layout-flow wp-block-column-is-layout-flow\" style=\"flex-basis:20%\"><\/div>\n\n\n\n<div class=\"wp-block-column is-layout-flow wp-block-column-is-layout-flow\" style=\"flex-basis:60%\">\n<div class=\"wp-block-group is-content-justification-center is-nowrap is-layout-flex wp-container-core-group-is-layout-eeea3fc2 wp-block-group-is-layout-flex\">\n<div class=\"wp-block-group card-img-bottom card-left-team has-border-color has-background wp-container-content-0e080917 has-global-padding is-content-justification-center is-layout-constrained wp-container-core-group-is-layout-7a2f675f wp-block-group-is-layout-constrained\" style=\"border-color:#c0c0be;border-width:2px;border-top-left-radius:30px;border-top-right-radius:30px;border-bottom-left-radius:30px;border-bottom-right-radius:30px;background-color:#d5d5d3;min-height:500px;padding-top:50px;padding-right:20px;padding-bottom:50px;padding-left:20px\">\n<p class=\"has-text-align-center has-medium-font-size\">Michelle Felip<\/p>\n\n\n\n<p class=\"has-text-align-center has-text-color has-link-color wp-elements-b25b2b132de1a8b199692aab98fa8bf3\" style=\"color:#000000b3\">Cofondateur et directeur<br> Agence<\/p>\n\n\n\n<figure class=\"wp-block-image size-full\"><img loading=\"lazy\" decoding=\"async\" width=\"500\" height=\"500\" src=\"https:\/\/www.gopopup.com\/wp-content\/uploads\/2026\/02\/michelle2.png\" alt=\"\" class=\"wp-image-2066\" srcset=\"https:\/\/www.gopopup.com\/wp-content\/uploads\/2026\/02\/michelle2.png 500w, https:\/\/www.gopopup.com\/wp-content\/uploads\/2026\/02\/michelle2-300x300.png 300w, https:\/\/www.gopopup.com\/wp-content\/uploads\/2026\/02\/michelle2-150x150.png 150w\" sizes=\"auto, (max-width: 500px) 100vw, 500px\" \/><\/figure>\n<\/div>\n\n\n\n<div class=\"wp-block-group card-img-bottom card-right-team has-border-color has-background wp-container-content-0e080917 has-global-padding is-layout-constrained wp-container-core-group-is-layout-8916867f wp-block-group-is-layout-constrained\" style=\"border-color:#c0c0be;border-width:2px;border-top-left-radius:30px;border-top-right-radius:30px;border-bottom-left-radius:30px;border-bottom-right-radius:30px;background-color:#d5d5d3;min-height:500px;padding-top:50px;padding-right:20px;padding-bottom:50px;padding-left:20px\">\n<p class=\"has-text-align-center has-medium-font-size\">Caroline Argent\u00e9<\/p>\n\n\n\n<p class=\"has-text-align-center has-text-color has-link-color wp-elements-0600dc6d3588c2e79dccf8f3fe2f4cb4\" style=\"color:#000000b3\">Cofondateur et directeur<br> du march\u00e9<\/p>\n\n\n\n<figure class=\"wp-block-image size-full\"><img loading=\"lazy\" decoding=\"async\" width=\"500\" height=\"500\" src=\"https:\/\/www.gopopup.com\/wp-content\/uploads\/2026\/02\/carolinafondo.png\" alt=\"\" class=\"wp-image-2071\" srcset=\"https:\/\/www.gopopup.com\/wp-content\/uploads\/2026\/02\/carolinafondo.png 500w, https:\/\/www.gopopup.com\/wp-content\/uploads\/2026\/02\/carolinafondo-300x300.png 300w, https:\/\/www.gopopup.com\/wp-content\/uploads\/2026\/02\/carolinafondo-150x150.png 150w\" sizes=\"auto, (max-width: 500px) 100vw, 500px\" \/><\/figure>\n<\/div>\n<\/div>\n<\/div>\n\n\n\n<div class=\"wp-block-column is-layout-flow wp-block-column-is-layout-flow\" style=\"flex-basis:20%\"><\/div>\n<\/div>\n<\/div>\n\n\n\n<div style=\"height:100px\" aria-hidden=\"true\" class=\"wp-block-spacer height3-metricas-sobre-nosotros\"><\/div>\n<\/div>\n","protected":false},"excerpt":{"rendered":"<p>\u00c0 PROPOS DE NOUS Nous mettons en relation les marques et les espaces. cr\u00e9er des exp\u00e9riences Go-PopUp est n\u00e9 pour r\u00e9pondre \u00e0 une nouvelle r\u00e9alit\u00e9 Dans le commerce de d\u00e9tail : activer les espaces flexible, cr\u00e9atif et de haut niveau impact. Notre objectif est clair : aider les marques, les agences et des cr\u00e9atifs pour [&hellip;]<\/p>\n","protected":false},"author":1,"featured_media":0,"parent":0,"menu_order":0,"comment_status":"closed","ping_status":"closed","template":"","meta":{"content-type":"","gopopup_header_color_mode":"black","_joinchat":[],"footnotes":""},"class_list":["post-3018","page","type-page","status-publish","hentry"],"_links":{"self":[{"href":"https:\/\/www.gopopup.com\/fr\/wp-json\/wp\/v2\/pages\/3018","targetHints":{"allow":["GET"]}}],"collection":[{"href":"https:\/\/www.gopopup.com\/fr\/wp-json\/wp\/v2\/pages"}],"about":[{"href":"https:\/\/www.gopopup.com\/fr\/wp-json\/wp\/v2\/types\/page"}],"author":[{"embeddable":true,"href":"https:\/\/www.gopopup.com\/fr\/wp-json\/wp\/v2\/users\/1"}],"replies":[{"embeddable":true,"href":"https:\/\/www.gopopup.com\/fr\/wp-json\/wp\/v2\/comments?post=3018"}],"version-history":[{"count":2,"href":"https:\/\/www.gopopup.com\/fr\/wp-json\/wp\/v2\/pages\/3018\/revisions"}],"predecessor-version":[{"id":3534,"href":"https:\/\/www.gopopup.com\/fr\/wp-json\/wp\/v2\/pages\/3018\/revisions\/3534"}],"wp:attachment":[{"href":"https:\/\/www.gopopup.com\/fr\/wp-json\/wp\/v2\/media?parent=3018"}],"curies":[{"name":"wp","href":"https:\/\/api.w.org\/{rel}","templated":true}]}}