{"id":3147,"date":"2025-05-29T14:33:08","date_gmt":"2025-05-29T14:33:08","guid":{"rendered":"https:\/\/www.gopopup.com\/politique-de-confidentialite\/"},"modified":"2026-02-18T10:13:50","modified_gmt":"2026-02-18T10:13:50","slug":"politique-de-confidentialite","status":"publish","type":"page","link":"https:\/\/www.gopopup.com\/fr\/politique-de-confidentialite\/","title":{"rendered":"Politique de confidentialit\u00e9"},"content":{"rendered":"\n<div class=\"wp-block-group alignfull has-global-padding is-layout-constrained wp-block-group-is-layout-constrained\">\n<div class=\"wp-block-group alignwide has-global-padding is-layout-constrained wp-block-group-is-layout-constrained\">\n<p>Conform\u00e9ment \u00e0 la r\u00e9glementation sur la protection des donn\u00e9es personnelles et en application du R\u00e8glement (UE) 2016\/679 du Parlement europ\u00e9en et du Conseil du 27 avril 2016 relatif \u00e0 la protection des personnes physiques \u00e0 l\u2019\u00e9gard du traitement des donn\u00e9es \u00e0 caract\u00e8re personnel et \u00e0 la libre circulation de ces donn\u00e9es (\u00ab RGPD \u00bb) et de la Loi organique 3\/2018 du 5 d\u00e9cembre relative \u00e0 la protection des donn\u00e9es personnelles et \u00e0 la garantie des droits num\u00e9riques (\u00ab LOPDGDD \u00bb), POP CORNER NETWORK, SL (ci-apr\u00e8s d\u00e9nomm\u00e9e \u00ab Go-PopUp \u00bb) vous informe par la pr\u00e9sente des \u00e9l\u00e9ments relatifs au traitement de vos donn\u00e9es. <\/p>\n\n\n\n<p>Qui est responsable du traitement de vos donn\u00e9es ?<\/p>\n\n\n\n<p>Identit\u00e9 : POP CORNER NETWORK, SL  <\/p>\n\n\n\n<p>NIF : B-65735136.<\/p>\n\n\n\n<p>Adresse postale : c\/: Pamplona, \u200b\u200b\u200b\u200b88-90, Principal 1\u00aa, Barcelone (08018).  <\/p>\n\n\n\n<p>Courriel\u00a0: hello@gopopup.com  <\/p>\n\n\n\n<p>Quand collectons-nous vos donn\u00e9es personnelles ?<\/p>\n\n\n\n<p>Nous pouvons collecter vos donn\u00e9es personnelles aux moments suivants\u00a0:<\/p>\n\n\n\n<p>Via le formulaire de contact\u00a0: Sur notre site web, vous trouverez un formulaire vous permettant de nous contacter pour demander des informations sur nos services ou poser des questions. Lorsque vous remplissez le formulaire, nous vous demandons de vous identifier et de fournir vos coordonn\u00e9es. <\/p>\n\n\n\n<p>Via le formulaire de connexion activ\u00e9\u00a0: notre site web dispose d\u2019un formulaire permettant \u00e0 nos clients de se connecter pour b\u00e9n\u00e9ficier des services souscrits.  <\/p>\n\n\n\n<p>Par le biais des cookies\u00a0: Notre site Web installe des cookies qui collectent des informations sur votre navigation\u00a0; nous vous recommandons de consulter notre politique en mati\u00e8re de cookies pour obtenir des informations compl\u00e8tes \u00e0 ce sujet.<\/p>\n\n\n\n<p>Dans quel but traitons-nous vos donn\u00e9es personnelles ?  <\/p>\n\n\n\n<p>Vos donn\u00e9es personnelles peuvent \u00eatre trait\u00e9es aux fins suivantes\u00a0:<\/p>\n\n\n\n<p>Vos informations pourront \u00eatre trait\u00e9es afin de vous assister, de g\u00e9rer et de r\u00e9pondre \u00e0 toutes vos demandes, commentaires et\/ou questions.  <\/p>\n\n\n\n<p>Si vous \u00eates client, vos donn\u00e9es seront trait\u00e9es afin de vous fournir nos services conform\u00e9ment aux conditions g\u00e9n\u00e9rales et\/ou particuli\u00e8res du service souscrit, y compris la cr\u00e9ation et la gestion de votre compte utilisateur. Pour plus d&rsquo;informations concernant le traitement de vos donn\u00e9es personnelles lors de l&rsquo;utilisation de nos services, veuillez consulter la ou les clauses relatives \u00e0 la protection des donn\u00e9es figurant dans les conditions g\u00e9n\u00e9rales et\/ou particuli\u00e8res des services souscrits.   <\/p>\n\n\n\n<p>Si vous avez donn\u00e9 votre consentement, nous vous tiendrons inform\u00e9s en vous envoyant notre newsletter, qui portera principalement sur nos services, activit\u00e9s, projets et autres informations pertinentes.  <\/p>\n\n\n\n<p>Vos informations seront trait\u00e9es afin de respecter nos obligations l\u00e9gales, les \u00e9ventuelles injonctions judiciaires et autres d\u00e9cisions des autorit\u00e9s comp\u00e9tentes. Cela inclut la communication de vos donn\u00e9es personnelles aux forces de l&rsquo;ordre lorsque nous avons des soup\u00e7ons ou des preuves d&rsquo;une conduite susceptible de constituer une infraction p\u00e9nale. <\/p>\n\n\n\n<p>Vos informations seront trait\u00e9es pour r\u00e9aliser des analyses statistiques et des rapports afin de comprendre le fonctionnement et les besoins de nos services, dans le but d&rsquo;am\u00e9liorer leur d\u00e9veloppement et de proposer de nouvelles solutions.  <\/p>\n\n\n\n<p>Quel est le fondement juridique du traitement de vos donn\u00e9es personnelles\u00a0?  <\/p>\n\n\n\n<p>Les traitements effectu\u00e9s reposent sur les fondements juridiques suivants\u00a0:  <\/p>\n\n\n\n<p>Lorsque vos donn\u00e9es sont trait\u00e9es pour assister, g\u00e9rer et r\u00e9pondre \u00e0 d&rsquo;\u00e9ventuelles demandes, commentaires et\/ou questions, le traitement est fond\u00e9 sur votre consentement lorsque vous nous soumettez votre demande et\/ou requ\u00eate (article 6.1.a) du RGPD).  <\/p>\n\n\n\n<p>Lorsque vos donn\u00e9es sont trait\u00e9es pour vous offrir nos services, le traitement est effectu\u00e9 sur la base de l\u2019ex\u00e9cution des Conditions G\u00e9n\u00e9rales et\/ou des Conditions Particuli\u00e8res qui r\u00e9gissent notre relation et que vous avez accept\u00e9es (article 6.1.b) RGPD).  <\/p>\n\n\n\n<p>Lorsque vos donn\u00e9es sont trait\u00e9es pour vous envoyer notre newsletter, ce traitement repose sur votre consentement, que vous donnez en cochant la case correspondante et\/ou en utilisant le formulaire pr\u00e9vu \u00e0 cet effet (article 6.1.a du RGPD). Vous pouvez vous d\u00e9sabonner de notre newsletter \u00e0 tout moment gr\u00e2ce au lien de d\u00e9sabonnement pr\u00e9sent dans chaque communication.   <\/p>\n\n\n\n<p>Lorsque des informations sont trait\u00e9es pour se conformer \u00e0 nos obligations l\u00e9gales, aux \u00e9ventuelles d\u00e9cisions de justice et autres d\u00e9cisions d\u00e9termin\u00e9es par les autorit\u00e9s, y compris une \u00e9ventuelle communication, le traitement est effectu\u00e9 sur la base du respect de nos obligations l\u00e9gales (article 6.1.c) du RGPD).  <\/p>\n\n\n\n<p>Lorsque des informations sont trait\u00e9es pour effectuer des analyses statistiques et des rapports afin de comprendre le fonctionnement et les besoins de nos services, dans le but d&rsquo;am\u00e9liorer le d\u00e9veloppement et d&rsquo;offrir de nouvelles solutions, le traitement est fond\u00e9 sur notre int\u00e9r\u00eat l\u00e9gitime (article 6.1.f) du RGPD), qui consiste \u00e0 g\u00e9rer et \u00e0 am\u00e9liorer nos services et produits afin d&rsquo;offrir un service de qualit\u00e9 et de nous d\u00e9velopper en tant qu&rsquo;entreprise.<\/p>\n\n\n\n<p>Combien de temps conserverons-nous vos donn\u00e9es personnelles\u00a0?<\/p>\n\n\n\n<p>Vos donn\u00e9es personnelles seront trait\u00e9es pendant la dur\u00e9e n\u00e9cessaire \u00e0 la r\u00e9alisation des finalit\u00e9s \u00e9nonc\u00e9es dans la pr\u00e9sente politique de confidentialit\u00e9, ainsi que pour conserver vos informations personnelles conform\u00e9ment aux dispositions des lois et r\u00e9glementations applicables, notamment en ce qui concerne les d\u00e9lais de prescription l\u00e9gaux, et pour la formulation, l&rsquo;exercice ou la d\u00e9fense de droits en justice.  <\/p>\n\n\n\n<p>Les crit\u00e8res que nous suivons \u00e0 cet \u00e9gard sont d\u00e9termin\u00e9s par la finalit\u00e9 des donn\u00e9es collect\u00e9es et la r\u00e9alisation de cette finalit\u00e9 (par exemple, dans le cas du consentement, vous pouvez le r\u00e9voquer \u00e0 tout moment) et par les dur\u00e9es de conservation obligatoires conform\u00e9ment aux exigences contractuelles et r\u00e9glementaires.<\/p>\n\n\n\n<p>Veuillez noter que, dans certains cas, nous pouvons conserver vos donn\u00e9es pendant la p\u00e9riode n\u00e9cessaire \u00e0 la formulation, \u00e0 l&rsquo;exercice ou \u00e0 la d\u00e9fense de droits, d&rsquo;exigences, de responsabilit\u00e9s et d&rsquo;obligations l\u00e9gales et\/ou contractuelles, en veillant toujours \u00e0 ce qu&rsquo;elles soient d\u00fbment bloqu\u00e9es.<\/p>\n\n\n\n<p>\u00c0 qui vos donn\u00e9es peuvent-elles \u00eatre divulgu\u00e9es ?<\/p>\n\n\n\n<p>Selon les finalit\u00e9s pour lesquelles les renseignements personnels sont recueillis, les tiers suivants peuvent avoir acc\u00e8s \u00e0 vos donn\u00e9es personnelles\u00a0:  <\/p>\n\n\n\n<p>Les administrations publiques, les organismes et\/ou autorit\u00e9s comp\u00e9tents et les forces et organismes de s\u00e9curit\u00e9 concern\u00e9s, dans les cas o\u00f9 il existe une exigence, une obligation l\u00e9gale ou lorsque nous estimons qu&rsquo;il existe des indices et\/ou des soup\u00e7ons suffisants laissant penser \u00e0 un acte ill\u00e9gal ou \u00e0 une infraction p\u00e9nale.<\/p>\n\n\n\n<p>Nous faisons appel \u00e0 des collaborateurs et des prestataires de services tiers qui traitent des donn\u00e9es en tant que sous-traitants. Nous avons conclu avec chacun d&rsquo;eux un accord de traitement des donn\u00e9es conforme \u00e0 la r\u00e9glementation sur la protection des donn\u00e9es personnelles. <\/p>\n\n\n\n<p>Les employ\u00e9s et\/ou collaborateurs autoris\u00e9s par Go-PopUp, toujours soumis \u00e0 la r\u00e9glementation applicable en mati\u00e8re de protection des donn\u00e9es\u00a0;<\/p>\n\n\n\n<p>Nous vous informons que Go-PopUp ne transf\u00e8re pas vos donn\u00e9es personnelles vers un pays situ\u00e9 en dehors de l&rsquo;Espace \u00e9conomique europ\u00e9en (EEE). Toutefois, si un tel transfert devait avoir lieu, nous garantirions une protection ad\u00e9quate de vos donn\u00e9es personnelles en utilisant les garanties pr\u00e9vues par la loi, notamment les clauses contractuelles types approuv\u00e9es par la Commission europ\u00e9enne.  <\/p>\n\n\n\n<p>Quels sont vos droits lorsque vous nous fournissez des donn\u00e9es personnelles\u00a0?<\/p>\n\n\n\n<p>Si nous traitons vos donn\u00e9es, sachez que vous avez les droits suivants\u00a0:<\/p>\n\n\n\n<p>Droit d\u2019acc\u00e8s aux donn\u00e9es personnelles\u00a0: vous pouvez demander si nous traitons vos donn\u00e9es et, le cas \u00e9ch\u00e9ant, y acc\u00e9der.<\/p>\n\n\n\n<p>Droit de demander la rectification des donn\u00e9es si elles sont inexactes, ou de compl\u00e9ter les donn\u00e9es incompl\u00e8tes.  <\/p>\n\n\n\n<p>Droit de demander la suppression de vos donn\u00e9es.  <\/p>\n\n\n\n<p>Droit de demander la limitation du traitement de vos donn\u00e9es\u00a0: dans ce cas, nous ne conserverons vos informations que pour l\u2019exercice ou la d\u00e9fense de droits en justice.<\/p>\n\n\n\n<p>Droit d\u2019opposition au traitement\u00a0: nous cesserons de traiter les donn\u00e9es personnelles, sauf si ce traitement est n\u00e9cessaire pour des raisons l\u00e9gitimes ou pour l\u2019exercice ou la d\u00e9fense de droits en justice.<\/p>\n\n\n\n<p>Droit \u00e0 la portabilit\u00e9 des donn\u00e9es\u00a0: Si vous souhaitez que vos donn\u00e9es soient trait\u00e9es par un autre responsable du traitement, nous faciliterons le transfert de vos donn\u00e9es vers ce nouveau responsable, sous r\u00e9serve de faisabilit\u00e9 technique.  <\/p>\n\n\n\n<p>Droit de ne pas faire l\u2019objet d\u2019une d\u00e9cision fond\u00e9e exclusivement sur le traitement automatis\u00e9 de vos donn\u00e9es personnelles.  <\/p>\n\n\n\n<p>Si vous nous avez donn\u00e9 votre consentement pour une finalit\u00e9 sp\u00e9cifique, vous pouvez le retirer \u00e0 tout moment, sans que cela n&rsquo;affecte la lic\u00e9it\u00e9 du traitement fond\u00e9 sur le consentement avant ce retrait.<\/p>\n\n\n\n<p>Pour exercer vos droits, vous devez nous contacter par courriel \u00e0 l\u2019adresse hello@gopopup.com ou par courrier \u00e0 l\u2019adresse postale indiqu\u00e9e \u00e0 la section 1 de la pr\u00e9sente politique. Vous pouvez \u00e9galement d\u00e9poser une plainte aupr\u00e8s de l\u2019autorit\u00e9 comp\u00e9tente, en l\u2019occurrence l\u2019Agence espagnole de protection des donn\u00e9es (https:\/\/www.aepd.es), si vous le jugez opportun. <\/p>\n\n\n\n<p>Comment avons-nous obtenu vos donn\u00e9es personnelles ?<\/p>\n\n\n\n<p>Vos donn\u00e9es personnelles ont pu \u00eatre obtenues par les moyens suivants\u00a0:<\/p>\n\n\n\n<p>Les donn\u00e9es personnelles que nous traitons sont celles que vous nous avez directement fournies en remplissant le formulaire de contact mis \u00e0 votre disposition et\/ou en souscrivant directement \u00e0 nos services et en remplissant le formulaire d&rsquo;inscription correspondant.<\/p>\n\n\n\n<p>Vos donn\u00e9es personnelles ont \u00e9t\u00e9 obtenues par le biais d&rsquo;une communication de la part de l&rsquo;entreprise, de l&rsquo;organisation ou de l&rsquo;entit\u00e9 \u00e0 laquelle vous appartenez ou avec laquelle vous entretenez une relation, et qui a souscrit \u00e0 nos services. Dans ce cas, veuillez noter que la fourniture de ces services est conditionn\u00e9e par votre relation avec ladite entreprise, organisation ou entit\u00e9, et que cette derni\u00e8re peut vous demander de r\u00e9silier votre abonnement.   <\/p>\n\n\n\n<p>Informations Compl\u00e9mentaires<\/p>\n\n\n\n<p>Politique relative \u00e0 l&rsquo;utilisation par les enfants. Nos services sont exclusivement destin\u00e9s aux adultes. Par cons\u00e9quent, nous ne recueillons pas sciemment d&rsquo;informations aupr\u00e8s de mineurs. Toutefois, si vous \u00eates un parent ou un tuteur l\u00e9gal et pensez que votre enfant ou pupille nous a transmis des donn\u00e9es personnelles, veuillez nous contacter par courriel \u00e0 l&rsquo;adresse hello@gopopup.com.   <\/p>\n\n\n\n<p>Donn\u00e9es sp\u00e9cialement prot\u00e9g\u00e9es. Go-PopUp ne collecte ni ne traite de donn\u00e9es personnelles r\u00e9v\u00e9lant l&rsquo;origine ethnique ou raciale, les opinions politiques, les convictions religieuses ou philosophiques, ou l&rsquo;appartenance syndicale, et ne traite pas de donn\u00e9es g\u00e9n\u00e9tiques, de donn\u00e9es biom\u00e9triques visant \u00e0 identifier de mani\u00e8re unique une personne physique, de donn\u00e9es concernant la sant\u00e9, la vie sexuelle ou l&rsquo;orientation sexuelle.   <\/p>\n\n\n\n<p>Donn\u00e9es personnelles de tiers. Si les donn\u00e9es personnelles fournies appartiennent \u00e0 un tiers, vous garantissez avoir inform\u00e9 ce tiers des dispositions de la pr\u00e9sente Politique de confidentialit\u00e9 et avoir obtenu son consentement pour nous communiquer ses donn\u00e9es aux fins indiqu\u00e9es dans ladite Politique.   <\/p>\n\n\n\n<p>Liens. Le site web Go-PopUp peut contenir des liens vers d&rsquo;autres sites web que nous estimons susceptibles de vous \u00eatre utiles et informatifs. Toutefois, veuillez noter que nous n&rsquo;approuvons ni ne recommandons le contenu ou les services de ces sites, et que nous ne sommes pas responsables de leurs politiques de confidentialit\u00e9. Nous vous recommandons de consulter les politiques de confidentialit\u00e9 de tous les sites web que vous visitez. Veuillez noter que la pr\u00e9sente Politique de confidentialit\u00e9 s&rsquo;applique uniquement aux donn\u00e9es collect\u00e9es et\/ou trait\u00e9es par Go-PopUp.    <\/p>\n\n\n\n<p>Mises \u00e0 jour. Nous n&rsquo;utiliserons vos donn\u00e9es personnelles que conform\u00e9ment aux dispositions du pr\u00e9sent document, en vigueur au moment de la collecte de vos informations. Si Go-PopUp modifie la mani\u00e8re dont nous traitons vos donn\u00e9es, vous en serez inform\u00e9(e) sans d\u00e9lai.  <\/p>\n\n\n\n<p>Contactez-nous. Si vous estimez que nous n&rsquo;avons pas respect\u00e9 les dispositions de la pr\u00e9sente Politique de confidentialit\u00e9, veuillez nous en informer par courriel \u00e0 l&rsquo;adresse hello@gopopup.com. Pour toute question relative \u00e0 la protection des donn\u00e9es ou \u00e0 la pr\u00e9sente Politique de confidentialit\u00e9, n&rsquo;h\u00e9sitez pas \u00e0 nous contacter. Nous serons ravis de vous aider.  <\/p>\n\n\n\n<p><\/p>\n<\/div>\n<\/div>\n","protected":false},"excerpt":{"rendered":"<p>Conform\u00e9ment \u00e0 la r\u00e9glementation sur la protection des donn\u00e9es personnelles et en application du R\u00e8glement (UE) 2016\/679 du Parlement europ\u00e9en et du Conseil du 27 avril 2016 relatif \u00e0 la protection des personnes physiques \u00e0 l\u2019\u00e9gard du traitement des donn\u00e9es \u00e0 caract\u00e8re personnel et \u00e0 la libre circulation de ces donn\u00e9es (\u00ab RGPD \u00bb) et [&hellip;]<\/p>\n","protected":false},"author":1,"featured_media":0,"parent":0,"menu_order":0,"comment_status":"closed","ping_status":"closed","template":"","meta":{"content-type":"","gopopup_header_color_mode":"black","_joinchat":[],"footnotes":""},"class_list":["post-3147","page","type-page","status-publish","hentry"],"_links":{"self":[{"href":"https:\/\/www.gopopup.com\/fr\/wp-json\/wp\/v2\/pages\/3147","targetHints":{"allow":["GET"]}}],"collection":[{"href":"https:\/\/www.gopopup.com\/fr\/wp-json\/wp\/v2\/pages"}],"about":[{"href":"https:\/\/www.gopopup.com\/fr\/wp-json\/wp\/v2\/types\/page"}],"author":[{"embeddable":true,"href":"https:\/\/www.gopopup.com\/fr\/wp-json\/wp\/v2\/users\/1"}],"replies":[{"embeddable":true,"href":"https:\/\/www.gopopup.com\/fr\/wp-json\/wp\/v2\/comments?post=3147"}],"version-history":[{"count":2,"href":"https:\/\/www.gopopup.com\/fr\/wp-json\/wp\/v2\/pages\/3147\/revisions"}],"predecessor-version":[{"id":3260,"href":"https:\/\/www.gopopup.com\/fr\/wp-json\/wp\/v2\/pages\/3147\/revisions\/3260"}],"wp:attachment":[{"href":"https:\/\/www.gopopup.com\/fr\/wp-json\/wp\/v2\/media?parent=3147"}],"curies":[{"name":"wp","href":"https:\/\/api.w.org\/{rel}","templated":true}]}}